{"id":1371,"date":"2023-05-29T12:43:00","date_gmt":"2023-05-29T12:43:00","guid":{"rendered":"https:\/\/yournordichome.com\/product\/mushroom-shaped-pouf\/"},"modified":"2025-12-01T00:19:06","modified_gmt":"2025-12-01T00:19:06","slug":"puf-ve-tvaru-houby","status":"publish","type":"product","link":"https:\/\/yournordichome.com\/cs\/product\/mushroom-shaped-pouf\/","title":{"rendered":"Puf ve tvaru houby"},"content":{"rendered":"<p>Puf ve tvaru houby, kter\u00fd je \u00fatuln\u00fdm n\u00e1bytkem do d\u011btsk\u00fdch pokoj\u016f. Puf je pota\u017een odolnou l\u00e1tkou.<\/p>\n<p>Velikost<br \/>\nV\u00fd\u0161ka: 30 cm<br \/>\nPr\u016fm\u011br: 37 cm<br \/>\nBarva: \u010cerven\u00e1<br \/>\nMateri\u00e1l: MDF, borovicov\u00e9 d\u0159evo, polyester<br \/>\nMaxim\u00e1ln\u00ed nosnost: 110 kg<br \/>\nDal\u0161\u00ed specifikace: Ot\u0159ete vlhk\u00fdm had\u0159\u00edkem a jemn\u011b vysajte.<\/p>","protected":false},"excerpt":{"rendered":"<p>Puf, kter\u00fd v d\u011btsk\u00e9m pokoji vytvo\u0159\u00ed atmosf\u00e9ru okouzluj\u00edc\u00edho poh\u00e1dkov\u00e9ho sv\u011bta. Jeho klobouk ve tvaru houby s \u010derven\u00fdmi punt\u00edky je pohodlnou sedac\u00ed plochou.<\/p>","protected":false},"featured_media":1345,"comment_status":"closed","ping_status":"closed","template":"","meta":{"_acf_changed":false,"_kad_post_transparent":"default","_kad_post_title":"","_kad_post_layout":"default","_kad_post_sidebar_id":"","_kad_post_content_style":"default","_kad_post_vertical_padding":"default","_kad_post_feature":"","_kad_post_feature_position":"","_kad_post_header":false,"_kad_post_footer":false,"_kad_post_classname":""},"pwb-brand":[17],"product_brand":[],"product_cat":[77,47],"product_tag":[1109,34],"gyarto":[],"class_list":{"0":"post-1371","1":"product","2":"type-product","3":"status-publish","4":"has-post-thumbnail","6":"pwb-brand-bloomingville","7":"product_cat-childrens-furniture","8":"product_cat-kids","9":"product_tag-last-item-in-stock","10":"product_tag-nordic-interior-design","11":"pa_colour-multi","12":"pa_colour-red","13":"pa_material-mdf","14":"pa_material-pine-wood","15":"pa_material-polyester","17":"first","18":"instock","19":"taxable","20":"shipping-taxable","21":"purchasable","22":"product-type-simple","23":"entry","24":"content-bg","25":"loop-entry"},"acf":[],"brands":[{"id":17,"name":"Bloomingville","slug":"bloomingville"}],"_links":{"self":[{"href":"https:\/\/yournordichome.com\/cs\/wp-json\/wp\/v2\/product\/1371","targetHints":{"allow":["GET"]}}],"collection":[{"href":"https:\/\/yournordichome.com\/cs\/wp-json\/wp\/v2\/product"}],"about":[{"href":"https:\/\/yournordichome.com\/cs\/wp-json\/wp\/v2\/types\/product"}],"replies":[{"embeddable":true,"href":"https:\/\/yournordichome.com\/cs\/wp-json\/wp\/v2\/comments?post=1371"}],"wp:featuredmedia":[{"embeddable":true,"href":"https:\/\/yournordichome.com\/cs\/wp-json\/wp\/v2\/media\/1345"}],"wp:attachment":[{"href":"https:\/\/yournordichome.com\/cs\/wp-json\/wp\/v2\/media?parent=1371"}],"wp:term":[{"taxonomy":"pwb-brand","embeddable":true,"href":"https:\/\/yournordichome.com\/cs\/wp-json\/wp\/v2\/pwb-brand?post=1371"},{"taxonomy":"product_brand","embeddable":true,"href":"https:\/\/yournordichome.com\/cs\/wp-json\/wp\/v2\/product_brand?post=1371"},{"taxonomy":"product_cat","embeddable":true,"href":"https:\/\/yournordichome.com\/cs\/wp-json\/wp\/v2\/product_cat?post=1371"},{"taxonomy":"product_tag","embeddable":true,"href":"https:\/\/yournordichome.com\/cs\/wp-json\/wp\/v2\/product_tag?post=1371"},{"taxonomy":"gyarto","embeddable":true,"href":"https:\/\/yournordichome.com\/cs\/wp-json\/wp\/v2\/gyarto?post=1371"}],"curies":[{"name":"wp","href":"https:\/\/api.w.org\/{rel}","templated":true}]}}