{"id":1308,"date":"2023-05-29T11:12:07","date_gmt":"2023-05-29T11:12:07","guid":{"rendered":"https:\/\/yournordichome.com\/product\/old-wall-fountain-for-decoration-white\/"},"modified":"2025-01-23T16:07:19","modified_gmt":"2025-01-23T16:07:19","slug":"old-wall-fountain-for-decoration-white","status":"publish","type":"product","link":"https:\/\/yournordichome.com\/cs\/product\/old-wall-fountain-for-decoration-white\/","title":{"rendered":"Old wall fountain for decoration &#8211; white"},"content":{"rendered":"<p>Star\u00e1 n\u00e1st\u011bnn\u00e1 font\u00e1na pro dekoraci. Tato skute\u010dn\u011b autentick\u00e1 n\u00e1st\u011bnn\u00e1 font\u00e1na vytvo\u0159\u00ed na zahrad\u011b a terase starobylou, rustik\u00e1ln\u00ed atmosf\u00e9ru. Sama o sob\u011b je kr\u00e1snou dekorac\u00ed, ale m\u016f\u017eete do n\u00ed tak\u00e9 um\u00edstit rostliny a vytvo\u0159it kompozici.<\/p>\n<p>V\u00fd\u0161ka: 54 cm<br \/>\nMateri\u00e1l: \u017eelezo<br \/>\nBarva: b\u00edl\u00e1<\/p>","protected":false},"excerpt":{"rendered":"<p>Star\u00e1 n\u00e1st\u011bnn\u00e1 font\u00e1na ve francouzsk\u00e9m stylu - dekorace, stojan na kv\u011btiny.<\/p>","protected":false},"featured_media":699,"comment_status":"closed","ping_status":"closed","template":"","meta":{"_acf_changed":false,"_kad_post_transparent":"default","_kad_post_title":"","_kad_post_layout":"default","_kad_post_sidebar_id":"","_kad_post_content_style":"default","_kad_post_vertical_padding":"default","_kad_post_feature":"","_kad_post_feature_position":"","_kad_post_header":false,"_kad_post_footer":false,"_kad_post_classname":""},"pwb-brand":[19],"product_brand":[],"product_cat":[31,23],"product_tag":[34,33,98],"gyarto":[],"class_list":{"0":"post-1308","1":"product","2":"type-product","3":"status-publish","4":"has-post-thumbnail","6":"pwb-brand-chic-antique","7":"product_cat-flower-stand","8":"product_cat-home-decor","9":"product_tag-nordic-interior-design","10":"product_tag-outdoor-furniture","11":"product_tag-vintage-style","12":"pa_colour-antique-cream","13":"pa_material-metal","15":"first","16":"outofstock","17":"taxable","18":"shipping-taxable","19":"purchasable","20":"product-type-simple","21":"entry","22":"content-bg","23":"loop-entry"},"acf":[],"brands":[{"id":19,"name":"Chic Antique","slug":"elegantni-starozitnosti"}],"_links":{"self":[{"href":"https:\/\/yournordichome.com\/cs\/wp-json\/wp\/v2\/product\/1308","targetHints":{"allow":["GET"]}}],"collection":[{"href":"https:\/\/yournordichome.com\/cs\/wp-json\/wp\/v2\/product"}],"about":[{"href":"https:\/\/yournordichome.com\/cs\/wp-json\/wp\/v2\/types\/product"}],"replies":[{"embeddable":true,"href":"https:\/\/yournordichome.com\/cs\/wp-json\/wp\/v2\/comments?post=1308"}],"wp:featuredmedia":[{"embeddable":true,"href":"https:\/\/yournordichome.com\/cs\/wp-json\/wp\/v2\/media\/699"}],"wp:attachment":[{"href":"https:\/\/yournordichome.com\/cs\/wp-json\/wp\/v2\/media?parent=1308"}],"wp:term":[{"taxonomy":"pwb-brand","embeddable":true,"href":"https:\/\/yournordichome.com\/cs\/wp-json\/wp\/v2\/pwb-brand?post=1308"},{"taxonomy":"product_brand","embeddable":true,"href":"https:\/\/yournordichome.com\/cs\/wp-json\/wp\/v2\/product_brand?post=1308"},{"taxonomy":"product_cat","embeddable":true,"href":"https:\/\/yournordichome.com\/cs\/wp-json\/wp\/v2\/product_cat?post=1308"},{"taxonomy":"product_tag","embeddable":true,"href":"https:\/\/yournordichome.com\/cs\/wp-json\/wp\/v2\/product_tag?post=1308"},{"taxonomy":"gyarto","embeddable":true,"href":"https:\/\/yournordichome.com\/cs\/wp-json\/wp\/v2\/gyarto?post=1308"}],"curies":[{"name":"wp","href":"https:\/\/api.w.org\/{rel}","templated":true}]}}