{"id":1302,"date":"2023-05-29T11:12:07","date_gmt":"2023-05-29T11:12:07","guid":{"rendered":"https:\/\/yournordichome.com\/product\/rainbow-jute-rug\/"},"modified":"2025-08-01T17:25:02","modified_gmt":"2025-08-01T17:25:02","slug":"duhovy-jutovy-koberec","status":"publish","type":"product","link":"https:\/\/yournordichome.com\/cs\/product\/rainbow-jute-rug\/","title":{"rendered":"Duhov\u00fd jutov\u00fd koberec"},"content":{"rendered":"<p>Duhov\u00fd jutov\u00fd koberec ve vesel\u00fdch odst\u00ednech, p\u0159\u00edrodn\u00ed jutov\u00fd materi\u00e1l. Rozz\u00e1\u0159\u00ed d\u011btsk\u00fd pokoj.<\/p>\n<p>Rozm\u011br v\u00fdrobku: Rozm\u011bry: D75x\u016050 cm<br \/>\nSlo\u017een\u00ed: 100% Juta<br \/>\nB\u011blen\u00ed: Ne<br \/>\nBarevn\u00e1 \u00faprava: Barven\u00e1 p\u0159\u00edze<br \/>\nChemick\u00e9 \u010di\u0161t\u011bn\u00ed: Ne<br \/>\nSu\u0161en\u00ed: Ne<br \/>\n\u017dehlen\u00ed: Ne<br \/>\nPovrchov\u00e1 \u00faprava v\u00fdrobku: Pro\u0161\u00edv\u00e1n\u00ed<br \/>\nPokyny k pran\u00ed: Vy\u010dist\u011bte na m\u00edst\u011b<\/p>","protected":false},"excerpt":{"rendered":"<p>Vesel\u00fd koberec s duhov\u00fdm vzorem do d\u011btsk\u00e9ho pokoje, vyroben\u00fd z p\u0159\u00edrodn\u00ed juty.<\/p>","protected":false},"featured_media":530,"comment_status":"closed","ping_status":"closed","template":"","meta":{"_acf_changed":false,"_kad_post_transparent":"default","_kad_post_title":"","_kad_post_layout":"default","_kad_post_sidebar_id":"","_kad_post_content_style":"default","_kad_post_vertical_padding":"default","_kad_post_feature":"","_kad_post_feature_position":"","_kad_post_header":false,"_kad_post_footer":false,"_kad_post_classname":""},"pwb-brand":[17],"product_brand":[],"product_cat":[77,47],"product_tag":[24,1058,80],"gyarto":[],"class_list":{"0":"post-1302","1":"product","2":"type-product","3":"status-publish","4":"has-post-thumbnail","6":"pwb-brand-bloomingville","7":"product_cat-childrens-furniture","8":"product_cat-kids","9":"product_tag-christmas-gift-ideas","10":"product_tag-new-year-sale","11":"product_tag-nordic-style-rug","12":"pa_colour-multi","13":"pa_material-jute","15":"first","16":"instock","17":"taxable","18":"shipping-taxable","19":"purchasable","20":"product-type-simple","21":"entry","22":"content-bg","23":"loop-entry"},"acf":[],"brands":[{"id":17,"name":"Bloomingville","slug":"bloomingville"}],"_links":{"self":[{"href":"https:\/\/yournordichome.com\/cs\/wp-json\/wp\/v2\/product\/1302","targetHints":{"allow":["GET"]}}],"collection":[{"href":"https:\/\/yournordichome.com\/cs\/wp-json\/wp\/v2\/product"}],"about":[{"href":"https:\/\/yournordichome.com\/cs\/wp-json\/wp\/v2\/types\/product"}],"replies":[{"embeddable":true,"href":"https:\/\/yournordichome.com\/cs\/wp-json\/wp\/v2\/comments?post=1302"}],"wp:featuredmedia":[{"embeddable":true,"href":"https:\/\/yournordichome.com\/cs\/wp-json\/wp\/v2\/media\/530"}],"wp:attachment":[{"href":"https:\/\/yournordichome.com\/cs\/wp-json\/wp\/v2\/media?parent=1302"}],"wp:term":[{"taxonomy":"pwb-brand","embeddable":true,"href":"https:\/\/yournordichome.com\/cs\/wp-json\/wp\/v2\/pwb-brand?post=1302"},{"taxonomy":"product_brand","embeddable":true,"href":"https:\/\/yournordichome.com\/cs\/wp-json\/wp\/v2\/product_brand?post=1302"},{"taxonomy":"product_cat","embeddable":true,"href":"https:\/\/yournordichome.com\/cs\/wp-json\/wp\/v2\/product_cat?post=1302"},{"taxonomy":"product_tag","embeddable":true,"href":"https:\/\/yournordichome.com\/cs\/wp-json\/wp\/v2\/product_tag?post=1302"},{"taxonomy":"gyarto","embeddable":true,"href":"https:\/\/yournordichome.com\/cs\/wp-json\/wp\/v2\/gyarto?post=1302"}],"curies":[{"name":"wp","href":"https:\/\/api.w.org\/{rel}","templated":true}]}}