{"id":1285,"date":"2023-05-29T10:46:59","date_gmt":"2023-05-29T10:46:59","guid":{"rendered":"https:\/\/yournordichome.com\/product\/sidetable-with-rattan-storage\/"},"modified":"2025-08-01T17:27:43","modified_gmt":"2025-08-01T17:27:43","slug":"bocni-stolek-s-ratanovym-uloznym-prostorem","status":"publish","type":"product","link":"https:\/\/yournordichome.com\/cs\/product\/sidetable-with-rattan-storage\/","title":{"rendered":"Bo\u010dn\u00ed stolek s ratanov\u00fdm \u00falo\u017en\u00fdm prostorem"},"content":{"rendered":"<p>Odkl\u00e1dac\u00ed stolek ze d\u0159eva Suar s ratanov\u00fdm \u00falo\u017en\u00fdm prostorem. D\u0159evo Suar je speci\u00e1ln\u00ed kus z Indon\u00e9sie.<\/p>\n<p>Bo\u010dn\u00ed stolek m\u00e1 malou kruhovou desku a ko\u0161\u00edk pod deskou. Jedn\u00e1 se o autentickou kr\u00e1su, kter\u00e1 p\u0159it\u00e1hne v\u0161echny pohledy.<\/p>\n<p>Velikost<br \/>\nV\u00fd\u0161ka: 60 cm<br \/>\nPr\u016fm\u011br: 45 cm<br \/>\nMateri\u00e1l: Materi\u00e1l: d\u0159evo Suar, ratan, \u017eelezo<br \/>\nBarva: p\u0159\u00edrodn\u00ed, \u010dern\u00e1<br \/>\nMaxim\u00e1ln\u00ed nosnost: 20 kg<br \/>\nV\u00fd\u0161ka police od podlahy: 30 cm<br \/>\nVenkovn\u00ed pou\u017eit\u00ed: Ne<br \/>\nPokyny pro p\u00e9\u010di: Ot\u0159ete vlhk\u00fdm had\u0159\u00edkem.<\/p>","protected":false},"excerpt":{"rendered":"<p>Odkl\u00e1dac\u00ed stolek s kulatou deskou z indon\u00e9sk\u00e9ho d\u0159eva suar. \u017delezn\u00e9 nohy vytv\u00e1\u0159ej\u00ed origin\u00e1ln\u00ed konstrukci s mal\u00fdm ko\u0161em, kter\u00fd je praktick\u00fd pro skladov\u00e1n\u00ed.<\/p>","protected":false},"featured_media":628,"comment_status":"closed","ping_status":"closed","template":"","meta":{"_acf_changed":false,"_kad_post_transparent":"default","_kad_post_title":"","_kad_post_layout":"default","_kad_post_sidebar_id":"","_kad_post_content_style":"default","_kad_post_vertical_padding":"default","_kad_post_feature":"","_kad_post_feature_position":"","_kad_post_header":false,"_kad_post_footer":false,"_kad_post_classname":""},"pwb-brand":[17],"product_brand":[],"product_cat":[341,157],"product_tag":[34,134,259],"gyarto":[],"class_list":{"0":"post-1285","1":"product","2":"type-product","3":"status-publish","4":"has-post-thumbnail","6":"pwb-brand-bloomingville","7":"product_cat-side-table","8":"product_cat-table","9":"product_tag-nordic-interior-design","10":"product_tag-rattan-furniture","11":"product_tag-wrought-iron-furniture","12":"pa_colour-nature","13":"pa_material-metal","14":"pa_material-suar-wood","15":"pa_material-wood","17":"first","18":"instock","19":"taxable","20":"shipping-taxable","21":"purchasable","22":"product-type-simple","23":"entry","24":"content-bg","25":"loop-entry"},"acf":[],"brands":[{"id":17,"name":"Bloomingville","slug":"bloomingville"}],"_links":{"self":[{"href":"https:\/\/yournordichome.com\/cs\/wp-json\/wp\/v2\/product\/1285","targetHints":{"allow":["GET"]}}],"collection":[{"href":"https:\/\/yournordichome.com\/cs\/wp-json\/wp\/v2\/product"}],"about":[{"href":"https:\/\/yournordichome.com\/cs\/wp-json\/wp\/v2\/types\/product"}],"replies":[{"embeddable":true,"href":"https:\/\/yournordichome.com\/cs\/wp-json\/wp\/v2\/comments?post=1285"}],"wp:featuredmedia":[{"embeddable":true,"href":"https:\/\/yournordichome.com\/cs\/wp-json\/wp\/v2\/media\/628"}],"wp:attachment":[{"href":"https:\/\/yournordichome.com\/cs\/wp-json\/wp\/v2\/media?parent=1285"}],"wp:term":[{"taxonomy":"pwb-brand","embeddable":true,"href":"https:\/\/yournordichome.com\/cs\/wp-json\/wp\/v2\/pwb-brand?post=1285"},{"taxonomy":"product_brand","embeddable":true,"href":"https:\/\/yournordichome.com\/cs\/wp-json\/wp\/v2\/product_brand?post=1285"},{"taxonomy":"product_cat","embeddable":true,"href":"https:\/\/yournordichome.com\/cs\/wp-json\/wp\/v2\/product_cat?post=1285"},{"taxonomy":"product_tag","embeddable":true,"href":"https:\/\/yournordichome.com\/cs\/wp-json\/wp\/v2\/product_tag?post=1285"},{"taxonomy":"gyarto","embeddable":true,"href":"https:\/\/yournordichome.com\/cs\/wp-json\/wp\/v2\/gyarto?post=1285"}],"curies":[{"name":"wp","href":"https:\/\/api.w.org\/{rel}","templated":true}]}}