{"id":1225,"date":"2023-05-27T12:19:05","date_gmt":"2023-05-27T12:19:05","guid":{"rendered":"https:\/\/yournordichome.com\/product\/shelf-made-of-paulownia-wood\/"},"modified":"2025-08-03T10:30:22","modified_gmt":"2025-08-03T10:30:22","slug":"police-ze-dreva-paulovnie","status":"publish","type":"product","link":"https:\/\/yournordichome.com\/cs\/product\/shelf-made-of-paulownia-wood\/","title":{"rendered":"Police ze d\u0159eva paulovnie"},"content":{"rendered":"<p>Police ze d\u0159eva paulovnie v p\u0159\u00edrodn\u00edch barv\u00e1ch. Skv\u011ble se hod\u00ed do minimalistick\u00e9, modern\u00ed dom\u00e1cnosti v seversk\u00e9m stylu. Police m\u00e1 \u010dern\u00fd kovov\u00fd r\u00e1m, kter\u00fd poskytuje kr\u00e1sn\u00fd kontrast k \u0161esti prostorn\u00fdm polic\u00edm ze d\u0159eva paulovnie. P\u0159\u00edrodn\u00ed a z\u00e1rove\u0148 elegantn\u00ed vzhled pro v\u00e1\u0161 dom\u00e1c\u00ed interi\u00e9r.<\/p>\n<p>Rozm\u011bry v\u00fdrobku: D65xV177x\u016017 cm<br \/>\nSlo\u017een\u00ed: \u017delezo, paulovnie<br \/>\nPokyny pro p\u00e9\u010di: Ot\u0159ete vlhk\u00fdm had\u0159\u00edkem.<br \/>\nMaxim\u00e1ln\u00ed nosnost: 5 kg na polici<\/p>","protected":false},"excerpt":{"rendered":"<p>Police ze d\u0159eva a kovu v minimalistick\u00e9m seversk\u00e9m stylu. \u0160est polic v \u010dern\u00e9m kovov\u00e9m r\u00e1mu je vyrobeno ze d\u0159eva paulovnie.<\/p>","protected":false},"featured_media":606,"comment_status":"closed","ping_status":"closed","template":"","meta":{"_acf_changed":false,"_kad_post_transparent":"default","_kad_post_title":"","_kad_post_layout":"default","_kad_post_sidebar_id":"","_kad_post_content_style":"default","_kad_post_vertical_padding":"default","_kad_post_feature":"","_kad_post_feature_position":"","_kad_post_header":false,"_kad_post_footer":false,"_kad_post_classname":""},"pwb-brand":[17],"product_brand":[],"product_cat":[94,167],"product_tag":[136],"gyarto":[],"class_list":{"0":"post-1225","1":"product","2":"type-product","3":"status-publish","4":"has-post-thumbnail","6":"pwb-brand-bloomingville","7":"product_cat-furniture","8":"product_cat-wall-shelf","9":"product_tag-shelves","10":"pa_colour-nature","11":"pa_material-paulownia-wood","12":"pa_material-wood","14":"first","15":"instock","16":"taxable","17":"shipping-taxable","18":"purchasable","19":"product-type-simple","20":"entry","21":"content-bg","22":"loop-entry"},"acf":[],"brands":[{"id":17,"name":"Bloomingville","slug":"bloomingville"}],"_links":{"self":[{"href":"https:\/\/yournordichome.com\/cs\/wp-json\/wp\/v2\/product\/1225","targetHints":{"allow":["GET"]}}],"collection":[{"href":"https:\/\/yournordichome.com\/cs\/wp-json\/wp\/v2\/product"}],"about":[{"href":"https:\/\/yournordichome.com\/cs\/wp-json\/wp\/v2\/types\/product"}],"replies":[{"embeddable":true,"href":"https:\/\/yournordichome.com\/cs\/wp-json\/wp\/v2\/comments?post=1225"}],"wp:featuredmedia":[{"embeddable":true,"href":"https:\/\/yournordichome.com\/cs\/wp-json\/wp\/v2\/media\/606"}],"wp:attachment":[{"href":"https:\/\/yournordichome.com\/cs\/wp-json\/wp\/v2\/media?parent=1225"}],"wp:term":[{"taxonomy":"pwb-brand","embeddable":true,"href":"https:\/\/yournordichome.com\/cs\/wp-json\/wp\/v2\/pwb-brand?post=1225"},{"taxonomy":"product_brand","embeddable":true,"href":"https:\/\/yournordichome.com\/cs\/wp-json\/wp\/v2\/product_brand?post=1225"},{"taxonomy":"product_cat","embeddable":true,"href":"https:\/\/yournordichome.com\/cs\/wp-json\/wp\/v2\/product_cat?post=1225"},{"taxonomy":"product_tag","embeddable":true,"href":"https:\/\/yournordichome.com\/cs\/wp-json\/wp\/v2\/product_tag?post=1225"},{"taxonomy":"gyarto","embeddable":true,"href":"https:\/\/yournordichome.com\/cs\/wp-json\/wp\/v2\/gyarto?post=1225"}],"curies":[{"name":"wp","href":"https:\/\/api.w.org\/{rel}","templated":true}]}}