{"id":1216,"date":"2023-05-27T12:19:05","date_gmt":"2023-05-27T12:19:05","guid":{"rendered":"https:\/\/yournordichome.com\/product\/patterned-round-rug-seagrass\/"},"modified":"2025-08-03T10:28:53","modified_gmt":"2025-08-03T10:28:53","slug":"vzorovany-kulaty-koberec-z-morske-travy","status":"publish","type":"product","link":"https:\/\/yournordichome.com\/cs\/product\/patterned-round-rug-seagrass\/","title":{"rendered":"Vzorovan\u00fd kulat\u00fd koberec z mo\u0159sk\u00e9 tr\u00e1vy"},"content":{"rendered":"<p>Vzorovan\u00fd kruhov\u00fd koberec z mo\u0159sk\u00e9 tr\u00e1vy, jeho\u017e zvl\u00e1\u0161tnost\u00ed je, \u017ee v kruhov\u00e9m tvaru jsou navrstveny r\u016fzn\u00e9 odst\u00edny hn\u011bd\u00e9 barvy. Vypad\u00e1 skv\u011ble pod kulat\u00fdm konferen\u010dn\u00edm stolkem a v prostoru vynikne i samostatn\u011b.<\/p>\n<p>Vl\u00e1kna mo\u0159sk\u00e9 tr\u00e1vy r\u016fzn\u00fdch barev jsou spletena do pravideln\u00e9ho vzoru. Mo\u0159sk\u00e1 tr\u00e1va je odoln\u00fd a pevn\u00fd materi\u00e1l, a proto se s oblibou pou\u017e\u00edv\u00e1 k v\u00fdrob\u011b koberc\u016f. Jedn\u00e1 se o udr\u017eiteln\u00fd a recyklovateln\u00fd materi\u00e1l, tak\u017ee je dobrou volbou i z ekologick\u00e9ho hlediska.<\/p>\n<p>Rozm\u011bry v\u00fdrobku: D150 cm<br \/>\nBarva: p\u0159\u00edrodn\u00ed<br \/>\nSlo\u017een\u00ed: Vodn\u00ed hyacint, mo\u0159sk\u00e1 tr\u00e1va<\/p>","protected":false},"excerpt":{"rendered":"<p>Koberec z mo\u0159sk\u00e9 tr\u00e1vy v p\u0159\u00edrodn\u00edch odst\u00ednech hn\u011bd\u00e9 v kulat\u00e9m tvaru. Jeho jedine\u010dnost je d\u00e1na p\u0159\u00edrodn\u00edm vzorem.<\/p>","protected":false},"featured_media":487,"comment_status":"closed","ping_status":"closed","template":"","meta":{"_acf_changed":false,"_kad_post_transparent":"default","_kad_post_title":"","_kad_post_layout":"default","_kad_post_sidebar_id":"","_kad_post_content_style":"default","_kad_post_vertical_padding":"default","_kad_post_feature":"","_kad_post_feature_position":"","_kad_post_header":false,"_kad_post_footer":false,"_kad_post_classname":""},"pwb-brand":[17],"product_brand":[],"product_cat":[88,65],"product_tag":[34,80],"gyarto":[],"class_list":{"0":"post-1216","1":"product","2":"type-product","3":"status-publish","4":"has-post-thumbnail","6":"pwb-brand-bloomingville","7":"product_cat-rug","8":"product_cat-rugs-and-textiles","9":"product_tag-nordic-interior-design","10":"product_tag-nordic-style-rug","11":"pa_colour-nature","12":"pa_material-seagrass","14":"first","15":"instock","16":"taxable","17":"shipping-taxable","18":"purchasable","19":"product-type-simple","20":"entry","21":"content-bg","22":"loop-entry"},"acf":[],"brands":[{"id":17,"name":"Bloomingville","slug":"bloomingville"}],"_links":{"self":[{"href":"https:\/\/yournordichome.com\/cs\/wp-json\/wp\/v2\/product\/1216","targetHints":{"allow":["GET"]}}],"collection":[{"href":"https:\/\/yournordichome.com\/cs\/wp-json\/wp\/v2\/product"}],"about":[{"href":"https:\/\/yournordichome.com\/cs\/wp-json\/wp\/v2\/types\/product"}],"replies":[{"embeddable":true,"href":"https:\/\/yournordichome.com\/cs\/wp-json\/wp\/v2\/comments?post=1216"}],"wp:featuredmedia":[{"embeddable":true,"href":"https:\/\/yournordichome.com\/cs\/wp-json\/wp\/v2\/media\/487"}],"wp:attachment":[{"href":"https:\/\/yournordichome.com\/cs\/wp-json\/wp\/v2\/media?parent=1216"}],"wp:term":[{"taxonomy":"pwb-brand","embeddable":true,"href":"https:\/\/yournordichome.com\/cs\/wp-json\/wp\/v2\/pwb-brand?post=1216"},{"taxonomy":"product_brand","embeddable":true,"href":"https:\/\/yournordichome.com\/cs\/wp-json\/wp\/v2\/product_brand?post=1216"},{"taxonomy":"product_cat","embeddable":true,"href":"https:\/\/yournordichome.com\/cs\/wp-json\/wp\/v2\/product_cat?post=1216"},{"taxonomy":"product_tag","embeddable":true,"href":"https:\/\/yournordichome.com\/cs\/wp-json\/wp\/v2\/product_tag?post=1216"},{"taxonomy":"gyarto","embeddable":true,"href":"https:\/\/yournordichome.com\/cs\/wp-json\/wp\/v2\/gyarto?post=1216"}],"curies":[{"name":"wp","href":"https:\/\/api.w.org\/{rel}","templated":true}]}}