{"id":1210,"date":"2023-05-27T12:19:05","date_gmt":"2023-05-27T12:19:05","guid":{"rendered":"https:\/\/yournordichome.com\/product\/wool-rug-black-patterned-120-x-180-cm\/"},"modified":"2025-08-03T10:29:54","modified_gmt":"2025-08-03T10:29:54","slug":"vlneny-koberec-s-cernym-vzorem-120-x-180-cm","status":"publish","type":"product","link":"https:\/\/yournordichome.com\/cs\/product\/wool-rug-black-patterned-120-x-180-cm\/","title":{"rendered":"Vln\u011bn\u00fd koberec s \u010dern\u00fdm vzorem 120 x 180 cm"},"content":{"rendered":"<p>Vln\u011bn\u00fd koberec s detailn\u00edm vzorem vyroben\u00fd zru\u010dn\u00fdmi indick\u00fdmi tkalci koberc\u016f s dlouhou tradic\u00ed tkalcovsk\u00fdch technik a \u0159emesln\u00e9ho um\u011bn\u00ed.<\/p>\n<p>Rozm\u011br v\u00fdrobku: Rozm\u011bry: D180x\u0160120 cm<br \/>\nBarva: \u010dern\u00e1<br \/>\nSlo\u017een\u00ed: 60% Vlna, 40% Ostatn\u00ed vl\u00e1kna<br \/>\nB\u011blen\u00ed: Ne<br \/>\nBarevn\u00e1 \u00faprava: Barven\u00e1 p\u0159\u00edze<br \/>\nChemick\u00e9 \u010di\u0161t\u011bn\u00ed: Ne<br \/>\nSu\u0161en\u00ed: Ne<br \/>\n\u017dehlen\u00ed: Ne<br \/>\nPovrchov\u00e1 \u00faprava v\u00fdrobku: Tkan\u00fd<br \/>\nPokyny k pran\u00ed: Pouze vys\u00e1v\u00e1n\u00ed a bodov\u00e9 \u010di\u0161t\u011bn\u00ed<\/p>","protected":false},"excerpt":{"rendered":"<p>Jemn\u00fd ru\u010dn\u011b tkan\u00fd vln\u011bn\u00fd koberec s \u010derno-p\u0159\u00edrodn\u00edm vzorem.<\/p>","protected":false},"featured_media":744,"comment_status":"closed","ping_status":"closed","template":"","meta":{"_acf_changed":false,"_kad_post_transparent":"default","_kad_post_title":"","_kad_post_layout":"default","_kad_post_sidebar_id":"","_kad_post_content_style":"default","_kad_post_vertical_padding":"default","_kad_post_feature":"","_kad_post_feature_position":"","_kad_post_header":false,"_kad_post_footer":false,"_kad_post_classname":""},"pwb-brand":[17],"product_brand":[],"product_cat":[88,65],"product_tag":[34,80,89],"gyarto":[],"class_list":{"0":"post-1210","1":"product","2":"type-product","3":"status-publish","4":"has-post-thumbnail","6":"pwb-brand-bloomingville","7":"product_cat-rug","8":"product_cat-rugs-and-textiles","9":"product_tag-nordic-interior-design","10":"product_tag-nordic-style-rug","11":"product_tag-wool-rug","12":"pa_colour-black","13":"pa_colour-nature","14":"pa_material-wool","16":"first","17":"instock","18":"taxable","19":"shipping-taxable","20":"purchasable","21":"product-type-simple","22":"entry","23":"content-bg","24":"loop-entry"},"acf":[],"brands":[{"id":17,"name":"Bloomingville","slug":"bloomingville"}],"_links":{"self":[{"href":"https:\/\/yournordichome.com\/cs\/wp-json\/wp\/v2\/product\/1210","targetHints":{"allow":["GET"]}}],"collection":[{"href":"https:\/\/yournordichome.com\/cs\/wp-json\/wp\/v2\/product"}],"about":[{"href":"https:\/\/yournordichome.com\/cs\/wp-json\/wp\/v2\/types\/product"}],"replies":[{"embeddable":true,"href":"https:\/\/yournordichome.com\/cs\/wp-json\/wp\/v2\/comments?post=1210"}],"wp:featuredmedia":[{"embeddable":true,"href":"https:\/\/yournordichome.com\/cs\/wp-json\/wp\/v2\/media\/744"}],"wp:attachment":[{"href":"https:\/\/yournordichome.com\/cs\/wp-json\/wp\/v2\/media?parent=1210"}],"wp:term":[{"taxonomy":"pwb-brand","embeddable":true,"href":"https:\/\/yournordichome.com\/cs\/wp-json\/wp\/v2\/pwb-brand?post=1210"},{"taxonomy":"product_brand","embeddable":true,"href":"https:\/\/yournordichome.com\/cs\/wp-json\/wp\/v2\/product_brand?post=1210"},{"taxonomy":"product_cat","embeddable":true,"href":"https:\/\/yournordichome.com\/cs\/wp-json\/wp\/v2\/product_cat?post=1210"},{"taxonomy":"product_tag","embeddable":true,"href":"https:\/\/yournordichome.com\/cs\/wp-json\/wp\/v2\/product_tag?post=1210"},{"taxonomy":"gyarto","embeddable":true,"href":"https:\/\/yournordichome.com\/cs\/wp-json\/wp\/v2\/gyarto?post=1210"}],"curies":[{"name":"wp","href":"https:\/\/api.w.org\/{rel}","templated":true}]}}