{"id":1183,"date":"2023-05-27T11:04:30","date_gmt":"2023-05-27T11:04:30","guid":{"rendered":"https:\/\/yournordichome.com\/product\/table-lamp-black-terracotta\/"},"modified":"2025-08-03T10:32:07","modified_gmt":"2025-08-03T10:32:07","slug":"stolni-lampa-cerna-terakota","status":"publish","type":"product","link":"https:\/\/yournordichome.com\/cs\/product\/table-lamp-black-terracotta\/","title":{"rendered":"Stoln\u00ed lampa \u010dern\u00e1 terakota"},"content":{"rendered":"<p>\u010cern\u00e1 stoln\u00ed lampa s terakotov\u00fdm t\u011blem, kter\u00e9 je zdobeno obrysy obli\u010deje. Jej\u00ed b\u00edl\u00e9 pl\u00e1t\u011bn\u00e9 st\u00ednidlo poskytuje p\u0159\u00edjemn\u00e9 sv\u011btlo.<\/p>\n<p>Rozm\u011br v\u00fdrobku: D30,5xH43 cm<br \/>\nVelikost st\u00ednidla: 25,5X30,5XH23 cm<br \/>\nBarva: \u010dern\u00e1<br \/>\nSlo\u017een\u00ed: Terakota, len<br \/>\nSchv\u00e1leno CE: Ano<br \/>\nEnergetick\u00e1 t\u0159\u00edda \u017e\u00e1rovky: A++<br \/>\n\u017d\u00e1rovka je sou\u010d\u00e1st\u00ed dod\u00e1vky: Ne<br \/>\nTvar \u017e\u00e1rovky: Typ A<br \/>\nVelikost \u017e\u00e1rovky: E27<br \/>\nTyp \u017e\u00e1rovky: LED nebo \u00fasporn\u00e1 \u017e\u00e1rovka<br \/>\nP\u0159\u00edkon \u017e\u00e1rovky: LED: max. \u017e\u00e1rovka: 25W \/ LED: LED: 4-6W \/ CFL: 7-9W<br \/>\nPokyny pro p\u00e9\u010di: Ot\u0159ete vlhk\u00fdm had\u0159\u00edkem.<br \/>\nBarva \u0161\u0148\u016fry: \u010dern\u00e1<br \/>\nD\u00e9lka \u0161\u0148\u016fry: 215 cm<br \/>\nMateri\u00e1l \u0161\u0148\u016fry: Materi\u00e1l: plast<br \/>\nVenkovn\u00ed pou\u017eit\u00ed: Ne<br \/>\nP\u0159ep\u00edna\u010d: Na \u0161\u0148\u016f\u0159e<\/p>","protected":false},"excerpt":{"rendered":"<p>Terakotov\u00e1 stoln\u00ed lampa s pl\u00e1t\u011bn\u00fdm st\u00ednidlem. Zvl\u00e1\u0161tnost\u00ed lampy je, \u017ee tvo\u0159\u00ed obli\u010dej, co\u017e z n\u00ed \u010din\u00ed skute\u010dn\u011b jedine\u010dn\u00fd dopln\u011bk prostoru. Poskytuje p\u0159\u00edjemnou z\u00e1\u0159i.<\/p>","protected":false},"featured_media":664,"comment_status":"closed","ping_status":"closed","template":"","meta":{"_acf_changed":false,"_kad_post_transparent":"default","_kad_post_title":"","_kad_post_layout":"default","_kad_post_sidebar_id":"","_kad_post_content_style":"default","_kad_post_vertical_padding":"default","_kad_post_feature":"","_kad_post_feature_position":"","_kad_post_header":false,"_kad_post_footer":false,"_kad_post_classname":""},"pwb-brand":[17],"product_brand":[],"product_cat":[73,72],"product_tag":[146,34,117],"gyarto":[],"class_list":{"0":"post-1183","1":"product","2":"type-product","3":"status-publish","4":"has-post-thumbnail","6":"pwb-brand-bloomingville","7":"product_cat-desk-and-table-lamp","8":"product_cat-lamp","9":"product_tag-ethno-style","10":"product_tag-nordic-interior-design","11":"product_tag-nordic-lamp","12":"pa_colour-black","13":"pa_material-terracotta","15":"first","16":"instock","17":"taxable","18":"shipping-taxable","19":"purchasable","20":"product-type-simple","21":"entry","22":"content-bg","23":"loop-entry"},"acf":[],"brands":[{"id":17,"name":"Bloomingville","slug":"bloomingville"}],"_links":{"self":[{"href":"https:\/\/yournordichome.com\/cs\/wp-json\/wp\/v2\/product\/1183","targetHints":{"allow":["GET"]}}],"collection":[{"href":"https:\/\/yournordichome.com\/cs\/wp-json\/wp\/v2\/product"}],"about":[{"href":"https:\/\/yournordichome.com\/cs\/wp-json\/wp\/v2\/types\/product"}],"replies":[{"embeddable":true,"href":"https:\/\/yournordichome.com\/cs\/wp-json\/wp\/v2\/comments?post=1183"}],"wp:featuredmedia":[{"embeddable":true,"href":"https:\/\/yournordichome.com\/cs\/wp-json\/wp\/v2\/media\/664"}],"wp:attachment":[{"href":"https:\/\/yournordichome.com\/cs\/wp-json\/wp\/v2\/media?parent=1183"}],"wp:term":[{"taxonomy":"pwb-brand","embeddable":true,"href":"https:\/\/yournordichome.com\/cs\/wp-json\/wp\/v2\/pwb-brand?post=1183"},{"taxonomy":"product_brand","embeddable":true,"href":"https:\/\/yournordichome.com\/cs\/wp-json\/wp\/v2\/product_brand?post=1183"},{"taxonomy":"product_cat","embeddable":true,"href":"https:\/\/yournordichome.com\/cs\/wp-json\/wp\/v2\/product_cat?post=1183"},{"taxonomy":"product_tag","embeddable":true,"href":"https:\/\/yournordichome.com\/cs\/wp-json\/wp\/v2\/product_tag?post=1183"},{"taxonomy":"gyarto","embeddable":true,"href":"https:\/\/yournordichome.com\/cs\/wp-json\/wp\/v2\/gyarto?post=1183"}],"curies":[{"name":"wp","href":"https:\/\/api.w.org\/{rel}","templated":true}]}}