{"id":1178,"date":"2023-05-27T11:04:21","date_gmt":"2023-05-27T11:04:21","guid":{"rendered":"https:\/\/yournordichome.com\/product\/striped-cotton-rug-140-x-200-cm\/"},"modified":"2025-08-03T10:34:58","modified_gmt":"2025-08-03T10:34:58","slug":"pruhovany-bavlneny-koberec-140-x-200-cm","status":"publish","type":"product","link":"https:\/\/yournordichome.com\/cs\/product\/striped-cotton-rug-140-x-200-cm\/","title":{"rendered":"Pruhovan\u00fd bavln\u011bn\u00fd koberec 140 x 200 cm"},"content":{"rendered":"<p>Pruhovan\u00fd bavln\u011bn\u00fd koberec. Jemn\u011b pruhovan\u00fd m\u011bkk\u00fd koberec p\u0159\u00edrodn\u00ed barvy s t\u0159\u00e1sn\u011bmi na konc\u00edch.<\/p>\n<p>Rozm\u011br v\u00fdrobku: Rozm\u011bry: D200x\u0160140 cm<br \/>\nBarva: p\u0159\u00edrodn\u00ed<br \/>\nSlo\u017een\u00ed: 97% bavlna, 3% ostatn\u00ed vl\u00e1kna<br \/>\nB\u011blen\u00ed: Ne<br \/>\nBarevn\u00e1 \u00faprava: Barven\u00e1 p\u0159\u00edze<br \/>\nChemick\u00e9 \u010di\u0161t\u011bn\u00ed: Ne<br \/>\nSu\u0161en\u00ed: \u017d\u00e1dn\u00e9<br \/>\n\u017dehlen\u00ed: \u017d\u00e1dn\u00e9<br \/>\nPovrchov\u00e1 \u00faprava v\u00fdrobku: Tufted<br \/>\nPokyny k pran\u00ed: Ne<\/p>","protected":false},"excerpt":{"rendered":"<p>M\u011bkk\u00fd bavln\u011bn\u00fd koberec, kter\u00fd sv\u00fdmi vesel\u00fdmi barvami a vzorem p\u0159\u00edjemn\u011b zah\u0159eje a rozz\u00e1\u0159\u00ed domov. D\u00edky st\u0159\u00eddm\u00fdm barv\u00e1m vypad\u00e1 dob\u0159e v mnoha interi\u00e9rech.<\/p>","protected":false},"featured_media":657,"comment_status":"closed","ping_status":"closed","template":"","meta":{"_acf_changed":false,"_kad_post_transparent":"default","_kad_post_title":"","_kad_post_layout":"default","_kad_post_sidebar_id":"","_kad_post_content_style":"default","_kad_post_vertical_padding":"default","_kad_post_feature":"","_kad_post_feature_position":"","_kad_post_header":false,"_kad_post_footer":false,"_kad_post_classname":""},"pwb-brand":[17],"product_brand":[],"product_cat":[88,65],"product_tag":[79,146,34,80],"gyarto":[],"class_list":{"0":"post-1178","1":"product","2":"type-product","3":"status-publish","4":"has-post-thumbnail","6":"pwb-brand-bloomingville","7":"product_cat-rug","8":"product_cat-rugs-and-textiles","9":"product_tag-cotton-rug","10":"product_tag-ethno-style","11":"product_tag-nordic-interior-design","12":"product_tag-nordic-style-rug","13":"pa_colour-multi","14":"pa_colour-nature","15":"pa_material-cotton","17":"first","18":"instock","19":"taxable","20":"shipping-taxable","21":"purchasable","22":"product-type-simple","23":"entry","24":"content-bg","25":"loop-entry"},"acf":[],"brands":[{"id":17,"name":"Bloomingville","slug":"bloomingville"}],"_links":{"self":[{"href":"https:\/\/yournordichome.com\/cs\/wp-json\/wp\/v2\/product\/1178","targetHints":{"allow":["GET"]}}],"collection":[{"href":"https:\/\/yournordichome.com\/cs\/wp-json\/wp\/v2\/product"}],"about":[{"href":"https:\/\/yournordichome.com\/cs\/wp-json\/wp\/v2\/types\/product"}],"replies":[{"embeddable":true,"href":"https:\/\/yournordichome.com\/cs\/wp-json\/wp\/v2\/comments?post=1178"}],"wp:featuredmedia":[{"embeddable":true,"href":"https:\/\/yournordichome.com\/cs\/wp-json\/wp\/v2\/media\/657"}],"wp:attachment":[{"href":"https:\/\/yournordichome.com\/cs\/wp-json\/wp\/v2\/media?parent=1178"}],"wp:term":[{"taxonomy":"pwb-brand","embeddable":true,"href":"https:\/\/yournordichome.com\/cs\/wp-json\/wp\/v2\/pwb-brand?post=1178"},{"taxonomy":"product_brand","embeddable":true,"href":"https:\/\/yournordichome.com\/cs\/wp-json\/wp\/v2\/product_brand?post=1178"},{"taxonomy":"product_cat","embeddable":true,"href":"https:\/\/yournordichome.com\/cs\/wp-json\/wp\/v2\/product_cat?post=1178"},{"taxonomy":"product_tag","embeddable":true,"href":"https:\/\/yournordichome.com\/cs\/wp-json\/wp\/v2\/product_tag?post=1178"},{"taxonomy":"gyarto","embeddable":true,"href":"https:\/\/yournordichome.com\/cs\/wp-json\/wp\/v2\/gyarto?post=1178"}],"curies":[{"name":"wp","href":"https:\/\/api.w.org\/{rel}","templated":true}]}}