{"id":1174,"date":"2023-05-27T11:04:21","date_gmt":"2023-05-27T11:04:21","guid":{"rendered":"https:\/\/yournordichome.com\/product\/industrial-table-lamp\/"},"modified":"2026-01-30T17:05:30","modified_gmt":"2026-01-30T17:05:30","slug":"prumyslova-stolni-lampa","status":"publish","type":"product","link":"https:\/\/yournordichome.com\/cs\/product\/industrial-table-lamp\/","title":{"rendered":"Pr\u016fmyslov\u00e1 stoln\u00ed lampa"},"content":{"rendered":"<p>Rozm\u011bry v\u00fdrobku: V53 cm<br \/>\nSlo\u017een\u00ed: \u017delezo<br \/>\nBarva: staro\u017eitn\u00e1 \u010dern\u00e1<br \/>\nDr\u00e1t: 1,3 m<br \/>\nOzna\u010den\u00ed CE: 10<br \/>\nWatt: 60W<br \/>\nEnergetick\u00fd \u0161t\u00edtek: 10<br \/>\nZ\u00e1suvka: E14<\/p>","protected":false},"excerpt":{"rendered":"<p>Industri\u00e1ln\u00ed stoln\u00ed lampa s opot\u0159ebovan\u00fdm povrchem a dekorativn\u00edm tvarem. Je to dopln\u011bk, kter\u00fd umoc\u0148uje seversk\u00fd minimalismus, a oba styly se k sob\u011b dob\u0159e hod\u00ed.<\/p>","protected":false},"featured_media":395,"comment_status":"closed","ping_status":"closed","template":"","meta":{"_acf_changed":false,"_kad_post_transparent":"default","_kad_post_title":"","_kad_post_layout":"default","_kad_post_sidebar_id":"","_kad_post_content_style":"default","_kad_post_vertical_padding":"default","_kad_post_feature":"","_kad_post_feature_position":"","_kad_post_header":false,"_kad_post_footer":false,"_kad_post_classname":""},"pwb-brand":[19],"product_brand":[],"product_cat":[73,72],"product_tag":[178,177,34],"gyarto":[],"class_list":{"0":"post-1174","1":"product","2":"type-product","3":"status-publish","4":"has-post-thumbnail","6":"pwb-brand-chic-antique","7":"product_cat-desk-and-table-lamp","8":"product_cat-lamp","9":"product_tag-factory-style","10":"product_tag-industrial-style","11":"product_tag-nordic-interior-design","12":"pa_colour-black","13":"pa_material-metal","15":"first","16":"instock","17":"taxable","18":"shipping-taxable","19":"purchasable","20":"product-type-simple","21":"entry","22":"content-bg","23":"loop-entry"},"acf":[],"brands":[{"id":19,"name":"Chic Antique","slug":"elegantni-starozitnosti"}],"_links":{"self":[{"href":"https:\/\/yournordichome.com\/cs\/wp-json\/wp\/v2\/product\/1174","targetHints":{"allow":["GET"]}}],"collection":[{"href":"https:\/\/yournordichome.com\/cs\/wp-json\/wp\/v2\/product"}],"about":[{"href":"https:\/\/yournordichome.com\/cs\/wp-json\/wp\/v2\/types\/product"}],"replies":[{"embeddable":true,"href":"https:\/\/yournordichome.com\/cs\/wp-json\/wp\/v2\/comments?post=1174"}],"wp:featuredmedia":[{"embeddable":true,"href":"https:\/\/yournordichome.com\/cs\/wp-json\/wp\/v2\/media\/395"}],"wp:attachment":[{"href":"https:\/\/yournordichome.com\/cs\/wp-json\/wp\/v2\/media?parent=1174"}],"wp:term":[{"taxonomy":"pwb-brand","embeddable":true,"href":"https:\/\/yournordichome.com\/cs\/wp-json\/wp\/v2\/pwb-brand?post=1174"},{"taxonomy":"product_brand","embeddable":true,"href":"https:\/\/yournordichome.com\/cs\/wp-json\/wp\/v2\/product_brand?post=1174"},{"taxonomy":"product_cat","embeddable":true,"href":"https:\/\/yournordichome.com\/cs\/wp-json\/wp\/v2\/product_cat?post=1174"},{"taxonomy":"product_tag","embeddable":true,"href":"https:\/\/yournordichome.com\/cs\/wp-json\/wp\/v2\/product_tag?post=1174"},{"taxonomy":"gyarto","embeddable":true,"href":"https:\/\/yournordichome.com\/cs\/wp-json\/wp\/v2\/gyarto?post=1174"}],"curies":[{"name":"wp","href":"https:\/\/api.w.org\/{rel}","templated":true}]}}