{"id":1171,"date":"2023-05-27T11:04:21","date_gmt":"2023-05-27T11:04:21","guid":{"rendered":"https:\/\/yournordichome.com\/product\/romantic-coffee-table-on-wheels\/"},"modified":"2025-08-03T10:36:50","modified_gmt":"2025-08-03T10:36:50","slug":"romanticky-konferencni-stolek-na-koleckach","status":"publish","type":"product","link":"https:\/\/yournordichome.com\/cs\/product\/romantic-coffee-table-on-wheels\/","title":{"rendered":"Romantick\u00fd konferen\u010dn\u00ed stolek na kole\u010dk\u00e1ch"},"content":{"rendered":"<p>Rozm\u011bry v\u00fdrobku: V46\/D70 cm<br \/>\nSlo\u017een\u00ed: Jedlov\u00e9 d\u0159evo, \u017eelezo<br \/>\nBarva: staro\u017eitn\u00e1 kr\u00e9mov\u00e1<\/p>","protected":false},"excerpt":{"rendered":"<p>Elegantn\u00ed, romantick\u00fd vintage b\u00edl\u00fd konferen\u010dn\u00ed stolek na kole\u010dk\u00e1ch.<\/p>","protected":false},"featured_media":563,"comment_status":"closed","ping_status":"closed","template":"","meta":{"_acf_changed":false,"_kad_post_transparent":"default","_kad_post_title":"","_kad_post_layout":"default","_kad_post_sidebar_id":"","_kad_post_content_style":"default","_kad_post_vertical_padding":"default","_kad_post_feature":"","_kad_post_feature_position":"","_kad_post_header":false,"_kad_post_footer":false,"_kad_post_classname":""},"pwb-brand":[19],"product_brand":[],"product_cat":[158,157],"product_tag":[34,25],"gyarto":[],"class_list":{"0":"post-1171","1":"product","2":"type-product","3":"status-publish","4":"has-post-thumbnail","6":"pwb-brand-chic-antique","7":"product_cat-coffee-table","8":"product_cat-table","9":"product_tag-nordic-interior-design","10":"product_tag-shabby-chic","11":"pa_colour-antique-cream","12":"pa_material-pine-wood","14":"first","15":"instock","16":"taxable","17":"shipping-taxable","18":"purchasable","19":"product-type-simple","20":"entry","21":"content-bg","22":"loop-entry"},"acf":[],"brands":[{"id":19,"name":"Chic Antique","slug":"elegantni-starozitnosti"}],"_links":{"self":[{"href":"https:\/\/yournordichome.com\/cs\/wp-json\/wp\/v2\/product\/1171","targetHints":{"allow":["GET"]}}],"collection":[{"href":"https:\/\/yournordichome.com\/cs\/wp-json\/wp\/v2\/product"}],"about":[{"href":"https:\/\/yournordichome.com\/cs\/wp-json\/wp\/v2\/types\/product"}],"replies":[{"embeddable":true,"href":"https:\/\/yournordichome.com\/cs\/wp-json\/wp\/v2\/comments?post=1171"}],"wp:featuredmedia":[{"embeddable":true,"href":"https:\/\/yournordichome.com\/cs\/wp-json\/wp\/v2\/media\/563"}],"wp:attachment":[{"href":"https:\/\/yournordichome.com\/cs\/wp-json\/wp\/v2\/media?parent=1171"}],"wp:term":[{"taxonomy":"pwb-brand","embeddable":true,"href":"https:\/\/yournordichome.com\/cs\/wp-json\/wp\/v2\/pwb-brand?post=1171"},{"taxonomy":"product_brand","embeddable":true,"href":"https:\/\/yournordichome.com\/cs\/wp-json\/wp\/v2\/product_brand?post=1171"},{"taxonomy":"product_cat","embeddable":true,"href":"https:\/\/yournordichome.com\/cs\/wp-json\/wp\/v2\/product_cat?post=1171"},{"taxonomy":"product_tag","embeddable":true,"href":"https:\/\/yournordichome.com\/cs\/wp-json\/wp\/v2\/product_tag?post=1171"},{"taxonomy":"gyarto","embeddable":true,"href":"https:\/\/yournordichome.com\/cs\/wp-json\/wp\/v2\/gyarto?post=1171"}],"curies":[{"name":"wp","href":"https:\/\/api.w.org\/{rel}","templated":true}]}}