{"id":1165,"date":"2023-05-27T11:04:21","date_gmt":"2023-05-27T11:04:21","guid":{"rendered":"https:\/\/yournordichome.com\/product\/plant-stand-on-wheels\/"},"modified":"2026-04-15T07:22:03","modified_gmt":"2026-04-15T07:22:03","slug":"stojan-na-rostliny-na-koleckach","status":"publish","type":"product","link":"https:\/\/yournordichome.com\/cs\/product\/plant-stand-on-wheels\/","title":{"rendered":"Stojan na rostliny na kole\u010dk\u00e1ch"},"content":{"rendered":"<p>Stojan na kv\u011btiny ve vintage stylu, se kter\u00fdm m\u016f\u017eete vytvo\u0159it skv\u011blou atmosf\u00e9ru.<\/p>\n<p>Rozm\u011br v\u00fdrobku: V156,5x\u016083xH34 cm<br \/>\nSlo\u017een\u00ed: \u017delezo, jedlov\u00e9 d\u0159evo<\/p>","protected":false},"excerpt":{"rendered":"<p>Vintage stojan na kv\u011btiny s voz\u00edky. Um\u00edst\u011bte rostliny nebo jin\u00e9 dekorace na 5 polic a vytvo\u0159te kr\u00e1snou atmosf\u00e9ru. D\u00edky kole\u010dk\u016fm jej lze snadno p\u0159emis\u0165ovat.<\/p>","protected":false},"featured_media":517,"comment_status":"closed","ping_status":"closed","template":"","meta":{"_acf_changed":false,"_kad_post_transparent":"default","_kad_post_title":"","_kad_post_layout":"default","_kad_post_sidebar_id":"","_kad_post_content_style":"default","_kad_post_vertical_padding":"default","_kad_post_feature":"","_kad_post_feature_position":"","_kad_post_header":false,"_kad_post_footer":false,"_kad_post_classname":""},"pwb-brand":[19],"product_brand":[],"product_cat":[31,23],"product_tag":[34,98],"gyarto":[],"class_list":{"0":"post-1165","1":"product","2":"type-product","3":"status-publish","4":"has-post-thumbnail","6":"pwb-brand-chic-antique","7":"product_cat-flower-stand","8":"product_cat-home-decor","9":"product_tag-nordic-interior-design","10":"product_tag-vintage-style","11":"pa_colour-nature","12":"pa_material-pine-wood","13":"pa_material-wood","15":"first","16":"instock","17":"taxable","18":"shipping-taxable","19":"purchasable","20":"product-type-simple","21":"entry","22":"content-bg","23":"loop-entry"},"acf":[],"brands":[{"id":19,"name":"Chic Antique","slug":"elegantni-starozitnosti"}],"_links":{"self":[{"href":"https:\/\/yournordichome.com\/cs\/wp-json\/wp\/v2\/product\/1165","targetHints":{"allow":["GET"]}}],"collection":[{"href":"https:\/\/yournordichome.com\/cs\/wp-json\/wp\/v2\/product"}],"about":[{"href":"https:\/\/yournordichome.com\/cs\/wp-json\/wp\/v2\/types\/product"}],"replies":[{"embeddable":true,"href":"https:\/\/yournordichome.com\/cs\/wp-json\/wp\/v2\/comments?post=1165"}],"wp:featuredmedia":[{"embeddable":true,"href":"https:\/\/yournordichome.com\/cs\/wp-json\/wp\/v2\/media\/517"}],"wp:attachment":[{"href":"https:\/\/yournordichome.com\/cs\/wp-json\/wp\/v2\/media?parent=1165"}],"wp:term":[{"taxonomy":"pwb-brand","embeddable":true,"href":"https:\/\/yournordichome.com\/cs\/wp-json\/wp\/v2\/pwb-brand?post=1165"},{"taxonomy":"product_brand","embeddable":true,"href":"https:\/\/yournordichome.com\/cs\/wp-json\/wp\/v2\/product_brand?post=1165"},{"taxonomy":"product_cat","embeddable":true,"href":"https:\/\/yournordichome.com\/cs\/wp-json\/wp\/v2\/product_cat?post=1165"},{"taxonomy":"product_tag","embeddable":true,"href":"https:\/\/yournordichome.com\/cs\/wp-json\/wp\/v2\/product_tag?post=1165"},{"taxonomy":"gyarto","embeddable":true,"href":"https:\/\/yournordichome.com\/cs\/wp-json\/wp\/v2\/gyarto?post=1165"}],"curies":[{"name":"wp","href":"https:\/\/api.w.org\/{rel}","templated":true}]}}