{"id":1161,"date":"2023-05-27T11:04:21","date_gmt":"2023-05-27T11:04:21","guid":{"rendered":"https:\/\/yournordichome.com\/product\/basket-with-lid-panda\/"},"modified":"2025-08-03T10:34:42","modified_gmt":"2025-08-03T10:34:42","slug":"kos-s-vikem-panda","status":"publish","type":"product","link":"https:\/\/yournordichome.com\/cs\/product\/basket-with-lid-panda\/","title":{"rendered":"Ko\u0161\u00edk s v\u00edkem Panda"},"content":{"rendered":"<p>Ko\u0161\u00edk s v\u00edkem a vzorem obli\u010deje pandy z p\u0159\u00edrodn\u00edho materi\u00e1lu vodn\u00edho hyacintu. Je praktick\u00fd, proto\u017ee pohlcuje spoustu hra\u010dek, je z p\u0159\u00edrodn\u00edho materi\u00e1lu, a proto podporuje udr\u017eitelnost. Okouzluj\u00edc\u00ed obli\u010dej pandy z n\u011bj krom\u011b funk\u010dnosti d\u011bl\u00e1 i dekoraci a kamar\u00e1da.<\/p>\n<p>Rozm\u011br v\u00fdrobku: D36xH42 cm<br \/>\nSlo\u017een\u00ed: Vodn\u00ed hyacint<br \/>\nMohou se vyskytnout odchylky zp\u016fsoben\u00e9 materi\u00e1ly<\/p>","protected":false},"excerpt":{"rendered":"<p>\u00dalo\u017en\u00fd ko\u0161 se vzorem p\u016fvabn\u00e9 pandy do d\u011btsk\u00e9ho pokoje. D\u00edky p\u0159\u00edrodn\u00edmu materi\u00e1lu z vodn\u00edho hyacintu a poh\u00e1dkov\u00e9mu tvaru je n\u00e1dhern\u00fdm dopl\u0148kem d\u011btsk\u00e9ho pokoje a je tak\u00e9 mimo\u0159\u00e1dn\u011b praktick\u00fd - pojme velk\u00e9 mno\u017estv\u00ed hra\u010dek.<\/p>","protected":false},"featured_media":82,"comment_status":"closed","ping_status":"closed","template":"","meta":{"_acf_changed":false,"_kad_post_transparent":"default","_kad_post_title":"","_kad_post_layout":"default","_kad_post_sidebar_id":"","_kad_post_content_style":"default","_kad_post_vertical_padding":"default","_kad_post_feature":"","_kad_post_feature_position":"","_kad_post_header":false,"_kad_post_footer":false,"_kad_post_classname":""},"pwb-brand":[17],"product_brand":[],"product_cat":[77,47],"product_tag":[148],"gyarto":[],"class_list":{"0":"post-1161","1":"product","2":"type-product","3":"status-publish","4":"has-post-thumbnail","6":"pwb-brand-bloomingville","7":"product_cat-childrens-furniture","8":"product_cat-kids","9":"product_tag-kids-room-storage","10":"pa_colour-black","11":"pa_colour-nature","12":"pa_material-water-hyacinth","14":"first","15":"instock","16":"taxable","17":"shipping-taxable","18":"purchasable","19":"product-type-simple","20":"entry","21":"content-bg","22":"loop-entry"},"acf":[],"brands":[{"id":17,"name":"Bloomingville","slug":"bloomingville"}],"_links":{"self":[{"href":"https:\/\/yournordichome.com\/cs\/wp-json\/wp\/v2\/product\/1161","targetHints":{"allow":["GET"]}}],"collection":[{"href":"https:\/\/yournordichome.com\/cs\/wp-json\/wp\/v2\/product"}],"about":[{"href":"https:\/\/yournordichome.com\/cs\/wp-json\/wp\/v2\/types\/product"}],"replies":[{"embeddable":true,"href":"https:\/\/yournordichome.com\/cs\/wp-json\/wp\/v2\/comments?post=1161"}],"wp:featuredmedia":[{"embeddable":true,"href":"https:\/\/yournordichome.com\/cs\/wp-json\/wp\/v2\/media\/82"}],"wp:attachment":[{"href":"https:\/\/yournordichome.com\/cs\/wp-json\/wp\/v2\/media?parent=1161"}],"wp:term":[{"taxonomy":"pwb-brand","embeddable":true,"href":"https:\/\/yournordichome.com\/cs\/wp-json\/wp\/v2\/pwb-brand?post=1161"},{"taxonomy":"product_brand","embeddable":true,"href":"https:\/\/yournordichome.com\/cs\/wp-json\/wp\/v2\/product_brand?post=1161"},{"taxonomy":"product_cat","embeddable":true,"href":"https:\/\/yournordichome.com\/cs\/wp-json\/wp\/v2\/product_cat?post=1161"},{"taxonomy":"product_tag","embeddable":true,"href":"https:\/\/yournordichome.com\/cs\/wp-json\/wp\/v2\/product_tag?post=1161"},{"taxonomy":"gyarto","embeddable":true,"href":"https:\/\/yournordichome.com\/cs\/wp-json\/wp\/v2\/gyarto?post=1161"}],"curies":[{"name":"wp","href":"https:\/\/api.w.org\/{rel}","templated":true}]}}