{"id":1139,"date":"2023-05-27T08:18:36","date_gmt":"2023-05-27T08:18:36","guid":{"rendered":"https:\/\/yournordichome.com\/product\/sidetable-nature-oak\/"},"modified":"2025-08-13T11:38:30","modified_gmt":"2025-08-13T11:38:30","slug":"vedlejsi-stul-prirodni-dub","status":"publish","type":"product","link":"https:\/\/yournordichome.com\/cs\/product\/sidetable-nature-oak\/","title":{"rendered":"Bo\u010dn\u00ed st\u016fl p\u0159\u00edrodn\u00ed dub"},"content":{"rendered":"<p>Bo\u010dn\u00ed stolek z dubov\u00e9 d\u00fdhy, kter\u00fd m\u016f\u017eete um\u00edstit vedle k\u0159esla nebo pohovky. Jeho v\u00fd\u0161ka je tak akor\u00e1t, abyste p\u0159i sezen\u00ed dos\u00e1hli na v\u011bci na n\u011bm polo\u017een\u00e9. M\u016f\u017eete si ho vyzdobit podle sv\u00fdch p\u0159edstav, ale tak\u00e9 ho m\u016f\u017eete vyu\u017e\u00edt k tomu, abyste si na n\u011bj polo\u017eili k\u00e1vu nebo knihu.<\/p>\n<p>Rozm\u011br v\u00fdrobku: D44xH54,5 cm<br \/>\nBarva: p\u0159\u00edrodn\u00ed<br \/>\nSlo\u017een\u00ed: Dub, dubov\u00e1 d\u00fdha<br \/>\nPokyny pro p\u00e9\u010di: Ot\u0159ete vlhk\u00fdm had\u0159\u00edkem.<br \/>\nKnock-down: Ne<br \/>\nMaxim\u00e1ln\u00ed nosnost: 20 kg<br \/>\nVenkovn\u00ed pou\u017eit\u00ed: Ne<\/p>","protected":false},"excerpt":{"rendered":"<p>Odkl\u00e1dac\u00ed stolek z dubov\u00e9ho d\u0159eva v p\u0159\u00edrodn\u00ed barv\u011b. Polo\u017ete si na n\u011bj knihu a hrnek nebo si ho kr\u00e1sn\u011b ozdobte.<\/p>","protected":false},"featured_media":613,"comment_status":"closed","ping_status":"closed","template":"","meta":{"_acf_changed":false,"_kad_post_transparent":"default","_kad_post_title":"","_kad_post_layout":"default","_kad_post_sidebar_id":"","_kad_post_content_style":"default","_kad_post_vertical_padding":"default","_kad_post_feature":"","_kad_post_feature_position":"","_kad_post_header":false,"_kad_post_footer":false,"_kad_post_classname":""},"pwb-brand":[17],"product_brand":[],"product_cat":[341,157],"product_tag":[34],"gyarto":[],"class_list":{"0":"post-1139","1":"product","2":"type-product","3":"status-publish","4":"has-post-thumbnail","6":"pwb-brand-bloomingville","7":"product_cat-side-table","8":"product_cat-table","9":"product_tag-nordic-interior-design","10":"pa_colour-nature","11":"pa_material-oak","12":"pa_material-wood","14":"first","15":"instock","16":"taxable","17":"shipping-taxable","18":"purchasable","19":"product-type-simple","20":"entry","21":"content-bg","22":"loop-entry"},"acf":[],"brands":[{"id":17,"name":"Bloomingville","slug":"bloomingville"}],"_links":{"self":[{"href":"https:\/\/yournordichome.com\/cs\/wp-json\/wp\/v2\/product\/1139","targetHints":{"allow":["GET"]}}],"collection":[{"href":"https:\/\/yournordichome.com\/cs\/wp-json\/wp\/v2\/product"}],"about":[{"href":"https:\/\/yournordichome.com\/cs\/wp-json\/wp\/v2\/types\/product"}],"replies":[{"embeddable":true,"href":"https:\/\/yournordichome.com\/cs\/wp-json\/wp\/v2\/comments?post=1139"}],"wp:featuredmedia":[{"embeddable":true,"href":"https:\/\/yournordichome.com\/cs\/wp-json\/wp\/v2\/media\/613"}],"wp:attachment":[{"href":"https:\/\/yournordichome.com\/cs\/wp-json\/wp\/v2\/media?parent=1139"}],"wp:term":[{"taxonomy":"pwb-brand","embeddable":true,"href":"https:\/\/yournordichome.com\/cs\/wp-json\/wp\/v2\/pwb-brand?post=1139"},{"taxonomy":"product_brand","embeddable":true,"href":"https:\/\/yournordichome.com\/cs\/wp-json\/wp\/v2\/product_brand?post=1139"},{"taxonomy":"product_cat","embeddable":true,"href":"https:\/\/yournordichome.com\/cs\/wp-json\/wp\/v2\/product_cat?post=1139"},{"taxonomy":"product_tag","embeddable":true,"href":"https:\/\/yournordichome.com\/cs\/wp-json\/wp\/v2\/product_tag?post=1139"},{"taxonomy":"gyarto","embeddable":true,"href":"https:\/\/yournordichome.com\/cs\/wp-json\/wp\/v2\/gyarto?post=1139"}],"curies":[{"name":"wp","href":"https:\/\/api.w.org\/{rel}","templated":true}]}}