{"id":1137,"date":"2023-05-27T08:18:36","date_gmt":"2023-05-27T08:18:36","guid":{"rendered":"https:\/\/yournordichome.com\/product\/bench-natural-cane\/"},"modified":"2025-08-03T10:37:14","modified_gmt":"2025-08-03T10:37:14","slug":"lavicka-z-prirodni-trtiny","status":"publish","type":"product","link":"https:\/\/yournordichome.com\/cs\/product\/bench-natural-cane\/","title":{"rendered":"Lavi\u010dka z p\u0159\u00edrodn\u00ed t\u0159tiny"},"content":{"rendered":"<p>Lavice z r\u00e1kosu, kter\u00e1 se skv\u011ble hod\u00ed do n\u011bkolika m\u00edstnost\u00ed bytu. Ozdobte ji p\u011bkn\u00fdm pol\u0161t\u00e1\u0159em a z\u00edsk\u00e1te pohodln\u00e9 m\u00edsto k odpo\u010dinku v ob\u00fdvac\u00edm pokoji nebo na terase.<\/p>\n<p>Rozm\u011br v\u00fdrobku: D75xV57x\u0160150 cm<br \/>\nSlo\u017een\u00ed: T\u0159tina<br \/>\nPokyny pro p\u00e9\u010di: Ot\u0159ete vlhk\u00fdm had\u0159\u00edkem.<br \/>\nKnock-down: Ne<br \/>\nMaxim\u00e1ln\u00ed nosnost: 200 kg<br \/>\nVenkovn\u00ed pou\u017eit\u00ed: Ano<br \/>\nMohou se vyskytnout odchylky zp\u016fsoben\u00e9 materi\u00e1ly<\/p>","protected":false},"excerpt":{"rendered":"<p>Pohodln\u00e1 lavi\u010dka z r\u00e1kosu.<\/p>","protected":false},"featured_media":113,"comment_status":"closed","ping_status":"closed","template":"","meta":{"_acf_changed":false,"_kad_post_transparent":"default","_kad_post_title":"","_kad_post_layout":"default","_kad_post_sidebar_id":"","_kad_post_content_style":"default","_kad_post_vertical_padding":"default","_kad_post_feature":"","_kad_post_feature_position":"","_kad_post_header":false,"_kad_post_footer":false,"_kad_post_classname":""},"pwb-brand":[17],"product_brand":[],"product_cat":[171,152],"product_tag":[142,173,34],"gyarto":[],"class_list":{"0":"post-1137","1":"product","2":"type-product","3":"status-publish","4":"has-post-thumbnail","6":"pwb-brand-bloomingville","7":"product_cat-bench","8":"product_cat-chair","9":"product_tag-cane-furniture","10":"product_tag-nordic-bench","11":"product_tag-nordic-interior-design","12":"pa_colour-nature","13":"pa_material-cane","15":"first","16":"instock","17":"taxable","18":"shipping-taxable","19":"purchasable","20":"product-type-simple","21":"entry","22":"content-bg","23":"loop-entry"},"acf":[],"brands":[{"id":17,"name":"Bloomingville","slug":"bloomingville"}],"_links":{"self":[{"href":"https:\/\/yournordichome.com\/cs\/wp-json\/wp\/v2\/product\/1137","targetHints":{"allow":["GET"]}}],"collection":[{"href":"https:\/\/yournordichome.com\/cs\/wp-json\/wp\/v2\/product"}],"about":[{"href":"https:\/\/yournordichome.com\/cs\/wp-json\/wp\/v2\/types\/product"}],"replies":[{"embeddable":true,"href":"https:\/\/yournordichome.com\/cs\/wp-json\/wp\/v2\/comments?post=1137"}],"wp:featuredmedia":[{"embeddable":true,"href":"https:\/\/yournordichome.com\/cs\/wp-json\/wp\/v2\/media\/113"}],"wp:attachment":[{"href":"https:\/\/yournordichome.com\/cs\/wp-json\/wp\/v2\/media?parent=1137"}],"wp:term":[{"taxonomy":"pwb-brand","embeddable":true,"href":"https:\/\/yournordichome.com\/cs\/wp-json\/wp\/v2\/pwb-brand?post=1137"},{"taxonomy":"product_brand","embeddable":true,"href":"https:\/\/yournordichome.com\/cs\/wp-json\/wp\/v2\/product_brand?post=1137"},{"taxonomy":"product_cat","embeddable":true,"href":"https:\/\/yournordichome.com\/cs\/wp-json\/wp\/v2\/product_cat?post=1137"},{"taxonomy":"product_tag","embeddable":true,"href":"https:\/\/yournordichome.com\/cs\/wp-json\/wp\/v2\/product_tag?post=1137"},{"taxonomy":"gyarto","embeddable":true,"href":"https:\/\/yournordichome.com\/cs\/wp-json\/wp\/v2\/gyarto?post=1137"}],"curies":[{"name":"wp","href":"https:\/\/api.w.org\/{rel}","templated":true}]}}