{"id":1129,"date":"2023-05-27T08:18:29","date_gmt":"2023-05-27T08:18:29","guid":{"rendered":"https:\/\/yournordichome.com\/product\/french-wicker-chair\/"},"modified":"2025-08-03T11:00:26","modified_gmt":"2025-08-03T11:00:26","slug":"francouzske-proutene-kreslo","status":"publish","type":"product","link":"https:\/\/yournordichome.com\/cs\/product\/french-wicker-chair\/","title":{"rendered":"Francouzsk\u00e1 prout\u011bn\u00e1 \u017eidle"},"content":{"rendered":"<p>Rozm\u011bry v\u00fdrobku: V91\/L56,5\/W56 cm<br \/>\nSlo\u017een\u00ed: D\u0159evo z kau\u010duku, ratan<br \/>\nV\u00fd\u0161ka loketn\u00ed op\u011brky: Hloubka op\u011bradla: 67 cm<br \/>\nV\u00fd\u0161ka sedadla: 48 cm<\/p>","protected":false},"excerpt":{"rendered":"<p>Prout\u011bn\u00e9 k\u0159eslo ve francouzsk\u00e9m stylu, elegantn\u00ed kousek se zak\u0159iven\u00fdmi nohami. Je vyrobena z kau\u010dukov\u00e9ho d\u0159eva a ratanu a l\u00e1k\u00e1 k posezen\u00ed.<\/p>","protected":false},"featured_media":367,"comment_status":"closed","ping_status":"closed","template":"","meta":{"_acf_changed":false,"_kad_post_transparent":"default","_kad_post_title":"","_kad_post_layout":"default","_kad_post_sidebar_id":"","_kad_post_content_style":"default","_kad_post_vertical_padding":"default","_kad_post_feature":"","_kad_post_feature_position":"","_kad_post_header":false,"_kad_post_footer":false,"_kad_post_classname":""},"pwb-brand":[19],"product_brand":[],"product_cat":[152,153],"product_tag":[154,134],"gyarto":[],"class_list":{"0":"post-1129","1":"product","2":"type-product","3":"status-publish","4":"has-post-thumbnail","6":"pwb-brand-chic-antique","7":"product_cat-chair","8":"product_cat-lounge-chair","9":"product_tag-armchair","10":"product_tag-rattan-furniture","11":"pa_colour-nature","12":"pa_material-rattan","13":"pa_material-rubberwood","14":"pa_material-wood","16":"first","17":"instock","18":"taxable","19":"shipping-taxable","20":"purchasable","21":"product-type-simple","22":"entry","23":"content-bg","24":"loop-entry"},"acf":[],"brands":[{"id":19,"name":"Chic Antique","slug":"elegantni-starozitnosti"}],"_links":{"self":[{"href":"https:\/\/yournordichome.com\/cs\/wp-json\/wp\/v2\/product\/1129","targetHints":{"allow":["GET"]}}],"collection":[{"href":"https:\/\/yournordichome.com\/cs\/wp-json\/wp\/v2\/product"}],"about":[{"href":"https:\/\/yournordichome.com\/cs\/wp-json\/wp\/v2\/types\/product"}],"replies":[{"embeddable":true,"href":"https:\/\/yournordichome.com\/cs\/wp-json\/wp\/v2\/comments?post=1129"}],"wp:featuredmedia":[{"embeddable":true,"href":"https:\/\/yournordichome.com\/cs\/wp-json\/wp\/v2\/media\/367"}],"wp:attachment":[{"href":"https:\/\/yournordichome.com\/cs\/wp-json\/wp\/v2\/media?parent=1129"}],"wp:term":[{"taxonomy":"pwb-brand","embeddable":true,"href":"https:\/\/yournordichome.com\/cs\/wp-json\/wp\/v2\/pwb-brand?post=1129"},{"taxonomy":"product_brand","embeddable":true,"href":"https:\/\/yournordichome.com\/cs\/wp-json\/wp\/v2\/product_brand?post=1129"},{"taxonomy":"product_cat","embeddable":true,"href":"https:\/\/yournordichome.com\/cs\/wp-json\/wp\/v2\/product_cat?post=1129"},{"taxonomy":"product_tag","embeddable":true,"href":"https:\/\/yournordichome.com\/cs\/wp-json\/wp\/v2\/product_tag?post=1129"},{"taxonomy":"gyarto","embeddable":true,"href":"https:\/\/yournordichome.com\/cs\/wp-json\/wp\/v2\/gyarto?post=1129"}],"curies":[{"name":"wp","href":"https:\/\/api.w.org\/{rel}","templated":true}]}}