{"id":1125,"date":"2023-05-27T08:18:29","date_gmt":"2023-05-27T08:18:29","guid":{"rendered":"https:\/\/yournordichome.com\/product\/rocking-toy-lama\/"},"modified":"2025-08-03T10:59:51","modified_gmt":"2025-08-03T10:59:51","slug":"houpaci-hracka-lama","status":"publish","type":"product","link":"https:\/\/yournordichome.com\/cs\/product\/rocking-toy-lama\/","title":{"rendered":"Houpac\u00ed hra\u010dka lama"},"content":{"rendered":"<p>Rozm\u011br v\u00fdrobku: D65xV45x\u016025 cm<br \/>\nBarva: b\u00edl\u00e1<br \/>\nSlo\u017een\u00ed: Materi\u00e1l: polyester, topolov\u00e9 d\u0159evo<br \/>\nMaxim\u00e1ln\u00ed nosnost: 40 kg.<br \/>\nDoporu\u010den\u00fd v\u011bk: + 12 m\u011bs\u00edc\u016f<br \/>\nTuto hra\u010dku mus\u00ed p\u0159ed pou\u017eit\u00edm sestavit dosp\u011bl\u00e1 osoba.<\/p>","protected":false},"excerpt":{"rendered":"<p>Houpac\u00ed k\u0159eslo, tj. houpac\u00ed lama do d\u011btsk\u00e9ho pokoje v seversk\u00e9m stylu. Okouzluj\u00edc\u00ed hra\u010dka a dopln\u011bk, vyroben\u00fd z kvalitn\u00edho d\u0159eva.<\/p>","protected":false},"featured_media":560,"comment_status":"closed","ping_status":"closed","template":"","meta":{"_acf_changed":false,"_kad_post_transparent":"default","_kad_post_title":"","_kad_post_layout":"default","_kad_post_sidebar_id":"","_kad_post_content_style":"default","_kad_post_vertical_padding":"default","_kad_post_feature":"","_kad_post_feature_position":"","_kad_post_header":false,"_kad_post_footer":false,"_kad_post_classname":""},"pwb-brand":[17],"product_brand":[],"product_cat":[47,48],"product_tag":[],"gyarto":[],"class_list":{"0":"post-1125","1":"product","2":"type-product","3":"status-publish","4":"has-post-thumbnail","6":"pwb-brand-bloomingville","7":"product_cat-kids","8":"product_cat-toy","9":"pa_colour-white","10":"pa_material-polyester","12":"first","13":"instock","14":"taxable","15":"shipping-taxable","16":"purchasable","17":"product-type-simple","18":"entry","19":"content-bg","20":"loop-entry"},"acf":[],"brands":[{"id":17,"name":"Bloomingville","slug":"bloomingville"}],"_links":{"self":[{"href":"https:\/\/yournordichome.com\/cs\/wp-json\/wp\/v2\/product\/1125","targetHints":{"allow":["GET"]}}],"collection":[{"href":"https:\/\/yournordichome.com\/cs\/wp-json\/wp\/v2\/product"}],"about":[{"href":"https:\/\/yournordichome.com\/cs\/wp-json\/wp\/v2\/types\/product"}],"replies":[{"embeddable":true,"href":"https:\/\/yournordichome.com\/cs\/wp-json\/wp\/v2\/comments?post=1125"}],"wp:featuredmedia":[{"embeddable":true,"href":"https:\/\/yournordichome.com\/cs\/wp-json\/wp\/v2\/media\/560"}],"wp:attachment":[{"href":"https:\/\/yournordichome.com\/cs\/wp-json\/wp\/v2\/media?parent=1125"}],"wp:term":[{"taxonomy":"pwb-brand","embeddable":true,"href":"https:\/\/yournordichome.com\/cs\/wp-json\/wp\/v2\/pwb-brand?post=1125"},{"taxonomy":"product_brand","embeddable":true,"href":"https:\/\/yournordichome.com\/cs\/wp-json\/wp\/v2\/product_brand?post=1125"},{"taxonomy":"product_cat","embeddable":true,"href":"https:\/\/yournordichome.com\/cs\/wp-json\/wp\/v2\/product_cat?post=1125"},{"taxonomy":"product_tag","embeddable":true,"href":"https:\/\/yournordichome.com\/cs\/wp-json\/wp\/v2\/product_tag?post=1125"},{"taxonomy":"gyarto","embeddable":true,"href":"https:\/\/yournordichome.com\/cs\/wp-json\/wp\/v2\/gyarto?post=1125"}],"curies":[{"name":"wp","href":"https:\/\/api.w.org\/{rel}","templated":true}]}}