{"id":1124,"date":"2023-05-27T08:18:29","date_gmt":"2023-05-27T08:18:29","guid":{"rendered":"https:\/\/yournordichome.com\/product\/table-lamp-giraffe\/"},"modified":"2025-08-03T10:40:49","modified_gmt":"2025-08-03T10:40:49","slug":"stolni-lampa-zirafa","status":"publish","type":"product","link":"https:\/\/yournordichome.com\/cs\/product\/table-lamp-giraffe\/","title":{"rendered":"Stoln\u00ed lampa \u017eirafa"},"content":{"rendered":"<p>Rozm\u011br v\u00fdrobku: D28xL35xH70 cm<br \/>\nBarva: Zlat\u00e1<br \/>\nSlo\u017een\u00ed: Materi\u00e1l: polyresin, len<br \/>\nSchv\u00e1leno CE: Ano<br \/>\nEnergetick\u00e1 t\u0159\u00edda \u017e\u00e1rovky: V\u0161echny<br \/>\n\u017d\u00e1rovka je sou\u010d\u00e1st\u00ed dod\u00e1vky: Ne<br \/>\nTvar \u017e\u00e1rovky: Oby\u010dejn\u00e1<br \/>\nVelikost \u017e\u00e1rovky: E27<br \/>\nTyp \u017e\u00e1rovky: Halogenov\u00e1 a LED \u017e\u00e1rovka<br \/>\nP\u0159\u00edkon \u017e\u00e1rovky: Max. 40 W<br \/>\nPokyny pro p\u00e9\u010di: Ot\u0159ete vlhk\u00fdm had\u0159\u00edkem.<br \/>\nBarva \u0161\u0148\u016fry: b\u00edl\u00e1<br \/>\nD\u00e9lka \u0161\u0148\u016fry v cm: 200<br \/>\nMateri\u00e1l \u0161\u0148\u016fry: Materi\u00e1l: plast<br \/>\nVenkovn\u00ed pou\u017eit\u00ed: Ne<br \/>\nVelikost st\u00ednidla cm.: 28xH21,5<br \/>\nP\u0159ep\u00edna\u010d: Na \u0161\u0148\u016f\u0159e<\/p>","protected":false},"excerpt":{"rendered":"<p>Zlat\u00e1 stoln\u00ed lampa ve tvaru \u017eirafy.<\/p>","protected":false},"featured_media":666,"comment_status":"closed","ping_status":"closed","template":"","meta":{"_acf_changed":false,"_kad_post_transparent":"default","_kad_post_title":"","_kad_post_layout":"default","_kad_post_sidebar_id":"","_kad_post_content_style":"default","_kad_post_vertical_padding":"default","_kad_post_feature":"","_kad_post_feature_position":"","_kad_post_header":false,"_kad_post_footer":false,"_kad_post_classname":""},"pwb-brand":[17],"product_brand":[],"product_cat":[73,72],"product_tag":[146,34,117],"gyarto":[],"class_list":{"0":"post-1124","1":"product","2":"type-product","3":"status-publish","4":"has-post-thumbnail","6":"pwb-brand-bloomingville","7":"product_cat-desk-and-table-lamp","8":"product_cat-lamp","9":"product_tag-ethno-style","10":"product_tag-nordic-interior-design","11":"product_tag-nordic-lamp","12":"pa_colour-gold-coloured","13":"pa_material-polyresin","15":"first","16":"instock","17":"taxable","18":"shipping-taxable","19":"purchasable","20":"product-type-simple","21":"entry","22":"content-bg","23":"loop-entry"},"acf":[],"brands":[{"id":17,"name":"Bloomingville","slug":"bloomingville"}],"_links":{"self":[{"href":"https:\/\/yournordichome.com\/cs\/wp-json\/wp\/v2\/product\/1124","targetHints":{"allow":["GET"]}}],"collection":[{"href":"https:\/\/yournordichome.com\/cs\/wp-json\/wp\/v2\/product"}],"about":[{"href":"https:\/\/yournordichome.com\/cs\/wp-json\/wp\/v2\/types\/product"}],"replies":[{"embeddable":true,"href":"https:\/\/yournordichome.com\/cs\/wp-json\/wp\/v2\/comments?post=1124"}],"wp:featuredmedia":[{"embeddable":true,"href":"https:\/\/yournordichome.com\/cs\/wp-json\/wp\/v2\/media\/666"}],"wp:attachment":[{"href":"https:\/\/yournordichome.com\/cs\/wp-json\/wp\/v2\/media?parent=1124"}],"wp:term":[{"taxonomy":"pwb-brand","embeddable":true,"href":"https:\/\/yournordichome.com\/cs\/wp-json\/wp\/v2\/pwb-brand?post=1124"},{"taxonomy":"product_brand","embeddable":true,"href":"https:\/\/yournordichome.com\/cs\/wp-json\/wp\/v2\/product_brand?post=1124"},{"taxonomy":"product_cat","embeddable":true,"href":"https:\/\/yournordichome.com\/cs\/wp-json\/wp\/v2\/product_cat?post=1124"},{"taxonomy":"product_tag","embeddable":true,"href":"https:\/\/yournordichome.com\/cs\/wp-json\/wp\/v2\/product_tag?post=1124"},{"taxonomy":"gyarto","embeddable":true,"href":"https:\/\/yournordichome.com\/cs\/wp-json\/wp\/v2\/gyarto?post=1124"}],"curies":[{"name":"wp","href":"https:\/\/api.w.org\/{rel}","templated":true}]}}