{"id":1119,"date":"2023-05-27T08:18:29","date_gmt":"2023-05-27T08:18:29","guid":{"rendered":"https:\/\/yournordichome.com\/product\/bamboo-pendant-lamp\/"},"modified":"2025-12-18T11:47:17","modified_gmt":"2025-12-18T11:47:17","slug":"bambusova-zavesna-lampa","status":"publish","type":"product","link":"https:\/\/yournordichome.com\/cs\/product\/bamboo-pendant-lamp\/","title":{"rendered":"Bambusov\u00e1 z\u00e1v\u011bsn\u00e1 lampa"},"content":{"rendered":"<p>Rozm\u011br v\u00fdrobku: D25xH65 cm<br \/>\nBarva: p\u0159\u00edrodn\u00ed<br \/>\nSlo\u017een\u00ed: Bambus<br \/>\nSchv\u00e1leno CE: Ano<br \/>\nEnergetick\u00e1 t\u0159\u00edda \u017e\u00e1rovky: V\u0161echny<br \/>\n\u017d\u00e1rovka je sou\u010d\u00e1st\u00ed dod\u00e1vky: Ne<br \/>\nTvar \u017e\u00e1rovky: Oby\u010dejn\u00e1<br \/>\nVelikost \u017e\u00e1rovky: E27<br \/>\nTyp \u017e\u00e1rovky: \u00dasporn\u00e1 \u017e\u00e1rovka: \u00dasporn\u00e1 \u017e\u00e1rovka<br \/>\nP\u0159\u00edkon \u017e\u00e1rovky: Max. 40 W<br \/>\nPokyny pro p\u00e9\u010di: Ot\u0159ete vlhk\u00fdm had\u0159\u00edkem.<br \/>\nStropn\u00ed poh\u00e1r: Ano<br \/>\nBarva \u0161\u0148\u016fry: \u010dern\u00e1<br \/>\nD\u00e9lka \u0161\u0148\u016fry v cm: 200<br \/>\nMateri\u00e1l \u0161\u0148\u016fry: Tkanina<br \/>\nVenkovn\u00ed pou\u017eit\u00ed: Ne<br \/>\nMohou se vyskytnout odchylky zp\u016fsoben\u00e9 materi\u00e1ly<\/p>","protected":false},"excerpt":{"rendered":"<p>Bambusov\u00e1 z\u00e1v\u011bsn\u00e1 lampa se zvl\u00e1\u0161tn\u00edm tvarem. Jej\u00ed p\u0159\u00edrodn\u00ed materi\u00e1l podporuje udr\u017eitelnost a jej\u00ed elegantn\u00ed tvar vn\u00e1\u0161\u00ed do prostoru lehkost. Je skv\u011bl\u00fdm p\u0159\u00edkladem seversk\u00e9ho designu, ale slu\u0161\u00ed mu nespo\u010det styl\u016f.<\/p>","protected":false},"featured_media":59,"comment_status":"closed","ping_status":"closed","template":"","meta":{"_acf_changed":false,"_kad_post_transparent":"default","_kad_post_title":"","_kad_post_layout":"default","_kad_post_sidebar_id":"","_kad_post_content_style":"default","_kad_post_vertical_padding":"default","_kad_post_feature":"","_kad_post_feature_position":"","_kad_post_header":false,"_kad_post_footer":false,"_kad_post_classname":""},"pwb-brand":[17],"product_brand":[],"product_cat":[72,114],"product_tag":[116,146,34,117],"gyarto":[],"class_list":{"0":"post-1119","1":"product","2":"type-product","3":"status-publish","4":"has-post-thumbnail","6":"pwb-brand-bloomingville","7":"product_cat-lamp","8":"product_cat-pendant-lamp","9":"product_tag-ceiling-lamp","10":"product_tag-ethno-style","11":"product_tag-nordic-interior-design","12":"product_tag-nordic-lamp","13":"pa_colour-nature","14":"pa_material-bamboo","16":"first","17":"instock","18":"taxable","19":"shipping-taxable","20":"purchasable","21":"product-type-simple","22":"entry","23":"content-bg","24":"loop-entry"},"acf":[],"brands":[{"id":17,"name":"Bloomingville","slug":"bloomingville"}],"_links":{"self":[{"href":"https:\/\/yournordichome.com\/cs\/wp-json\/wp\/v2\/product\/1119","targetHints":{"allow":["GET"]}}],"collection":[{"href":"https:\/\/yournordichome.com\/cs\/wp-json\/wp\/v2\/product"}],"about":[{"href":"https:\/\/yournordichome.com\/cs\/wp-json\/wp\/v2\/types\/product"}],"replies":[{"embeddable":true,"href":"https:\/\/yournordichome.com\/cs\/wp-json\/wp\/v2\/comments?post=1119"}],"wp:featuredmedia":[{"embeddable":true,"href":"https:\/\/yournordichome.com\/cs\/wp-json\/wp\/v2\/media\/59"}],"wp:attachment":[{"href":"https:\/\/yournordichome.com\/cs\/wp-json\/wp\/v2\/media?parent=1119"}],"wp:term":[{"taxonomy":"pwb-brand","embeddable":true,"href":"https:\/\/yournordichome.com\/cs\/wp-json\/wp\/v2\/pwb-brand?post=1119"},{"taxonomy":"product_brand","embeddable":true,"href":"https:\/\/yournordichome.com\/cs\/wp-json\/wp\/v2\/product_brand?post=1119"},{"taxonomy":"product_cat","embeddable":true,"href":"https:\/\/yournordichome.com\/cs\/wp-json\/wp\/v2\/product_cat?post=1119"},{"taxonomy":"product_tag","embeddable":true,"href":"https:\/\/yournordichome.com\/cs\/wp-json\/wp\/v2\/product_tag?post=1119"},{"taxonomy":"gyarto","embeddable":true,"href":"https:\/\/yournordichome.com\/cs\/wp-json\/wp\/v2\/gyarto?post=1119"}],"curies":[{"name":"wp","href":"https:\/\/api.w.org\/{rel}","templated":true}]}}