{"id":1089,"date":"2023-05-23T19:50:55","date_gmt":"2023-05-23T19:50:55","guid":{"rendered":"https:\/\/yournordichome.com\/product\/bookcase-with-drawers-for-childrens-room\/"},"modified":"2025-08-03T11:06:27","modified_gmt":"2025-08-03T11:06:27","slug":"knihovna-se-zasuvkami-do-detskeho-pokoje","status":"publish","type":"product","link":"https:\/\/yournordichome.com\/cs\/product\/bookcase-with-drawers-for-childrens-room\/","title":{"rendered":"Knihovna se z\u00e1suvkami do d\u011btsk\u00e9ho pokoje"},"content":{"rendered":"<p>Rozm\u011br v\u00fdrobku: D107xV89,5x\u016028 cm<br \/>\nBarva: p\u0159\u00edrodn\u00ed<br \/>\nSlo\u017een\u00ed: D\u0159evo Paulownia, MDF, p\u0159ekli\u017eka<br \/>\nMaxim\u00e1ln\u00ed nosnost: 5 kg na ka\u017edou z\u00e1suvku + 3 kg v ka\u017ed\u00e9 m\u00edstnosti<\/p>","protected":false},"excerpt":{"rendered":"<p>Knihovna se z\u00e1suvkami ze d\u0159eva paulovnie do d\u011btsk\u00e9ho pokoje v seversk\u00e9m stylu. Ukl\u00e1dejte knihy do polic a hra\u010dky do kr\u00e1sn\u00fdch z\u00e1suvek se zv\u00ed\u0159ec\u00edmi obli\u010deji.<\/p>","protected":false},"featured_media":165,"comment_status":"closed","ping_status":"closed","template":"","meta":{"_acf_changed":false,"_kad_post_transparent":"default","_kad_post_title":"","_kad_post_layout":"default","_kad_post_sidebar_id":"","_kad_post_content_style":"default","_kad_post_vertical_padding":"default","_kad_post_feature":"","_kad_post_feature_position":"","_kad_post_header":false,"_kad_post_footer":false,"_kad_post_classname":""},"pwb-brand":[17],"product_brand":[],"product_cat":[77,47],"product_tag":[133,148],"gyarto":[],"class_list":{"0":"post-1089","1":"product","2":"type-product","3":"status-publish","4":"has-post-thumbnail","6":"pwb-brand-bloomingville","7":"product_cat-childrens-furniture","8":"product_cat-kids","9":"product_tag-bookcase","10":"product_tag-kids-room-storage","11":"pa_colour-multi","12":"pa_colour-nature","13":"pa_material-paulownia-wood","14":"pa_material-wood","16":"first","17":"instock","18":"taxable","19":"shipping-taxable","20":"purchasable","21":"product-type-simple","22":"entry","23":"content-bg","24":"loop-entry"},"acf":[],"brands":[{"id":17,"name":"Bloomingville","slug":"bloomingville"}],"_links":{"self":[{"href":"https:\/\/yournordichome.com\/cs\/wp-json\/wp\/v2\/product\/1089","targetHints":{"allow":["GET"]}}],"collection":[{"href":"https:\/\/yournordichome.com\/cs\/wp-json\/wp\/v2\/product"}],"about":[{"href":"https:\/\/yournordichome.com\/cs\/wp-json\/wp\/v2\/types\/product"}],"replies":[{"embeddable":true,"href":"https:\/\/yournordichome.com\/cs\/wp-json\/wp\/v2\/comments?post=1089"}],"wp:featuredmedia":[{"embeddable":true,"href":"https:\/\/yournordichome.com\/cs\/wp-json\/wp\/v2\/media\/165"}],"wp:attachment":[{"href":"https:\/\/yournordichome.com\/cs\/wp-json\/wp\/v2\/media?parent=1089"}],"wp:term":[{"taxonomy":"pwb-brand","embeddable":true,"href":"https:\/\/yournordichome.com\/cs\/wp-json\/wp\/v2\/pwb-brand?post=1089"},{"taxonomy":"product_brand","embeddable":true,"href":"https:\/\/yournordichome.com\/cs\/wp-json\/wp\/v2\/product_brand?post=1089"},{"taxonomy":"product_cat","embeddable":true,"href":"https:\/\/yournordichome.com\/cs\/wp-json\/wp\/v2\/product_cat?post=1089"},{"taxonomy":"product_tag","embeddable":true,"href":"https:\/\/yournordichome.com\/cs\/wp-json\/wp\/v2\/product_tag?post=1089"},{"taxonomy":"gyarto","embeddable":true,"href":"https:\/\/yournordichome.com\/cs\/wp-json\/wp\/v2\/gyarto?post=1089"}],"curies":[{"name":"wp","href":"https:\/\/api.w.org\/{rel}","templated":true}]}}