{"id":1082,"date":"2023-05-23T19:50:55","date_gmt":"2023-05-23T19:50:55","guid":{"rendered":"https:\/\/yournordichome.com\/product\/brown-terracotta-table-lamp\/"},"modified":"2025-12-01T00:19:07","modified_gmt":"2025-12-01T00:19:07","slug":"hneda-terakotova-stolni-lampa","status":"publish","type":"product","link":"https:\/\/yournordichome.com\/cs\/product\/brown-terracotta-table-lamp\/","title":{"rendered":"Hn\u011bd\u00e1 terakotov\u00e1 stoln\u00ed lampa"},"content":{"rendered":"<p>Hn\u011bd\u00e1 terakotov\u00e1 stoln\u00ed lampa s minimalistick\u00fdm seversk\u00fdm tvarem.<\/p>\n<p>Rozm\u011br v\u00fdrobku: D20,5xH54,5 cm<br \/>\nBarva: hn\u011bd\u00e1<br \/>\nSlo\u017een\u00ed: Terakota, len, \u017eelezo<br \/>\nSchv\u00e1leno CE: Ano<br \/>\nEnergetick\u00e1 t\u0159\u00edda \u017e\u00e1rovky: A++<br \/>\n\u017d\u00e1rovka je sou\u010d\u00e1st\u00ed dod\u00e1vky: Ne<br \/>\nTvar \u017e\u00e1rovky: A<br \/>\nVelikost \u017e\u00e1rovky: E27<br \/>\nTyp \u017e\u00e1rovky: LED nebo \u00fasporn\u00e1 \u017e\u00e1rovka<br \/>\nP\u0159\u00edkon \u017e\u00e1rovky: Max. 40 W<br \/>\nPokyny pro p\u00e9\u010di: Ot\u0159ete vlhk\u00fdm had\u0159\u00edkem.<br \/>\nPOZN\u00c1MKA: Reaktivn\u00ed glazura na podstavci, ne jednobarevn\u00e1 hn\u011bd\u00e1.<br \/>\nBarva \u0161\u0148\u016fry: pr\u016fhledn\u00e1<br \/>\nD\u00e9lka \u0161\u0148\u016fry v cm: 250<br \/>\nMateri\u00e1l \u0161\u0148\u016fry: Materi\u00e1l: plast<br \/>\nVenkovn\u00ed pou\u017eit\u00ed: Ne<br \/>\nVelikost st\u00ednidla v cm: 20,5xH24<br \/>\nP\u0159ep\u00edna\u010d: Na \u0161\u0148\u016f\u0159e<\/p>","protected":false},"excerpt":{"rendered":"<p>Hn\u011bd\u00e1 terakotov\u00e1 stoln\u00ed lampa zvl\u00e1\u0161tn\u00edho tvaru.<\/p>","protected":false},"featured_media":195,"comment_status":"closed","ping_status":"closed","template":"","meta":{"_acf_changed":false,"_kad_post_transparent":"default","_kad_post_title":"","_kad_post_layout":"default","_kad_post_sidebar_id":"","_kad_post_content_style":"default","_kad_post_vertical_padding":"default","_kad_post_feature":"","_kad_post_feature_position":"","_kad_post_header":false,"_kad_post_footer":false,"_kad_post_classname":""},"pwb-brand":[17],"product_brand":[],"product_cat":[73,72],"product_tag":[1109,34],"gyarto":[],"class_list":{"0":"post-1082","1":"product","2":"type-product","3":"status-publish","4":"has-post-thumbnail","6":"pwb-brand-bloomingville","7":"product_cat-desk-and-table-lamp","8":"product_cat-lamp","9":"product_tag-last-item-in-stock","10":"product_tag-nordic-interior-design","11":"pa_colour-brown","12":"pa_material-terracotta","14":"first","15":"instock","16":"taxable","17":"shipping-taxable","18":"purchasable","19":"product-type-simple","20":"entry","21":"content-bg","22":"loop-entry"},"acf":[],"brands":[{"id":17,"name":"Bloomingville","slug":"bloomingville"}],"_links":{"self":[{"href":"https:\/\/yournordichome.com\/cs\/wp-json\/wp\/v2\/product\/1082","targetHints":{"allow":["GET"]}}],"collection":[{"href":"https:\/\/yournordichome.com\/cs\/wp-json\/wp\/v2\/product"}],"about":[{"href":"https:\/\/yournordichome.com\/cs\/wp-json\/wp\/v2\/types\/product"}],"replies":[{"embeddable":true,"href":"https:\/\/yournordichome.com\/cs\/wp-json\/wp\/v2\/comments?post=1082"}],"wp:featuredmedia":[{"embeddable":true,"href":"https:\/\/yournordichome.com\/cs\/wp-json\/wp\/v2\/media\/195"}],"wp:attachment":[{"href":"https:\/\/yournordichome.com\/cs\/wp-json\/wp\/v2\/media?parent=1082"}],"wp:term":[{"taxonomy":"pwb-brand","embeddable":true,"href":"https:\/\/yournordichome.com\/cs\/wp-json\/wp\/v2\/pwb-brand?post=1082"},{"taxonomy":"product_brand","embeddable":true,"href":"https:\/\/yournordichome.com\/cs\/wp-json\/wp\/v2\/product_brand?post=1082"},{"taxonomy":"product_cat","embeddable":true,"href":"https:\/\/yournordichome.com\/cs\/wp-json\/wp\/v2\/product_cat?post=1082"},{"taxonomy":"product_tag","embeddable":true,"href":"https:\/\/yournordichome.com\/cs\/wp-json\/wp\/v2\/product_tag?post=1082"},{"taxonomy":"gyarto","embeddable":true,"href":"https:\/\/yournordichome.com\/cs\/wp-json\/wp\/v2\/gyarto?post=1082"}],"curies":[{"name":"wp","href":"https:\/\/api.w.org\/{rel}","templated":true}]}}