{"id":1063,"date":"2023-05-21T16:18:39","date_gmt":"2023-05-21T16:18:39","guid":{"rendered":"https:\/\/yournordichome.com\/product\/rattan-cabinet\/"},"modified":"2025-08-03T11:08:39","modified_gmt":"2025-08-03T11:08:39","slug":"ratanova-skrin","status":"publish","type":"product","link":"https:\/\/yournordichome.com\/cs\/product\/rattan-cabinet\/","title":{"rendered":"Ratanov\u00e1 sk\u0159\u00ed\u0148"},"content":{"rendered":"<p>Rozm\u011br v\u00fdrobku: D51,5xV80x\u016028 cm<br \/>\nBarva: p\u0159\u00edrodn\u00ed<br \/>\nSlo\u017een\u00ed: Jedle, ratan, MDF<br \/>\nPokyny pro p\u00e9\u010di: Ot\u0159ete vlhk\u00fdm had\u0159\u00edkem.<br \/>\nVzd\u00e1lenost mezi policemi cm: 17\/30<br \/>\nKnock-down: Ne<br \/>\nMaxim\u00e1ln\u00ed nosnost: 8 kg<\/p>","protected":false},"excerpt":{"rendered":"<p>Stylov\u00e9 a jedine\u010dn\u00e9! Kruhov\u00e1 sk\u0159\u00ed\u0148ka z p\u0159\u00edrodn\u00edho ratanov\u00e9ho materi\u00e1lu.<\/p>","protected":false},"featured_media":534,"comment_status":"closed","ping_status":"closed","template":"","meta":{"_acf_changed":false,"_kad_post_transparent":"default","_kad_post_title":"","_kad_post_layout":"default","_kad_post_sidebar_id":"","_kad_post_content_style":"default","_kad_post_vertical_padding":"default","_kad_post_feature":"","_kad_post_feature_position":"","_kad_post_header":false,"_kad_post_footer":false,"_kad_post_classname":""},"pwb-brand":[17],"product_brand":[],"product_cat":[94,95],"product_tag":[34,134,136],"gyarto":[],"class_list":{"0":"post-1063","1":"product","2":"type-product","3":"status-publish","4":"has-post-thumbnail","6":"pwb-brand-bloomingville","7":"product_cat-furniture","8":"product_cat-storage-unit","9":"product_tag-nordic-interior-design","10":"product_tag-rattan-furniture","11":"product_tag-shelves","12":"pa_colour-nature","13":"pa_material-rattan","15":"first","16":"instock","17":"taxable","18":"shipping-taxable","19":"purchasable","20":"product-type-simple","21":"entry","22":"content-bg","23":"loop-entry"},"acf":[],"brands":[{"id":17,"name":"Bloomingville","slug":"bloomingville"}],"_links":{"self":[{"href":"https:\/\/yournordichome.com\/cs\/wp-json\/wp\/v2\/product\/1063","targetHints":{"allow":["GET"]}}],"collection":[{"href":"https:\/\/yournordichome.com\/cs\/wp-json\/wp\/v2\/product"}],"about":[{"href":"https:\/\/yournordichome.com\/cs\/wp-json\/wp\/v2\/types\/product"}],"replies":[{"embeddable":true,"href":"https:\/\/yournordichome.com\/cs\/wp-json\/wp\/v2\/comments?post=1063"}],"wp:featuredmedia":[{"embeddable":true,"href":"https:\/\/yournordichome.com\/cs\/wp-json\/wp\/v2\/media\/534"}],"wp:attachment":[{"href":"https:\/\/yournordichome.com\/cs\/wp-json\/wp\/v2\/media?parent=1063"}],"wp:term":[{"taxonomy":"pwb-brand","embeddable":true,"href":"https:\/\/yournordichome.com\/cs\/wp-json\/wp\/v2\/pwb-brand?post=1063"},{"taxonomy":"product_brand","embeddable":true,"href":"https:\/\/yournordichome.com\/cs\/wp-json\/wp\/v2\/product_brand?post=1063"},{"taxonomy":"product_cat","embeddable":true,"href":"https:\/\/yournordichome.com\/cs\/wp-json\/wp\/v2\/product_cat?post=1063"},{"taxonomy":"product_tag","embeddable":true,"href":"https:\/\/yournordichome.com\/cs\/wp-json\/wp\/v2\/product_tag?post=1063"},{"taxonomy":"gyarto","embeddable":true,"href":"https:\/\/yournordichome.com\/cs\/wp-json\/wp\/v2\/gyarto?post=1063"}],"curies":[{"name":"wp","href":"https:\/\/api.w.org\/{rel}","templated":true}]}}