{"id":1062,"date":"2023-05-21T16:18:39","date_gmt":"2023-05-21T16:18:39","guid":{"rendered":"https:\/\/yournordichome.com\/product\/childrens-tipi\/"},"modified":"2025-08-03T11:08:10","modified_gmt":"2025-08-03T11:08:10","slug":"detske-typi","status":"publish","type":"product","link":"https:\/\/yournordichome.com\/cs\/product\/childrens-tipi\/","title":{"rendered":"D\u011btsk\u00e9 t\u00fdp\u00ed"},"content":{"rendered":"<p>D\u011btsk\u00fd stan na hran\u00ed s prody\u0161n\u00fdm bavln\u011bn\u00fdm pl\u00e1tnem. Snadno se sestavuje, dod\u00e1v\u00e1 se se 4 kovov\u00fdmi ty\u010demi. Sc\u00e9ny pro poh\u00e1dky a dobrodru\u017estv\u00ed.<\/p>\n<p>Rozm\u011br v\u00fdrobku: Rozm\u011bry: L110xH140xW110 cm<br \/>\nBarva: p\u0159\u00edrodn\u00ed<br \/>\nSlo\u017een\u00ed: slo\u017een\u00ed: bavlna, \u017eelezo<br \/>\nB\u011blen\u00ed: Ne<br \/>\nBarevn\u00e9 proveden\u00ed: Barven\u00e1 tkanina<br \/>\nChemick\u00e9 \u010di\u0161t\u011bn\u00ed: Ano<br \/>\n\u017dehlen\u00ed: Ne<br \/>\nPovrchov\u00e1 \u00faprava v\u00fdrobku: Tkan\u00fd<br \/>\nPokyny k pran\u00ed: Vy\u010dist\u011bte na m\u00edst\u011b<br \/>\nZip: \u017d\u00e1dn\u00fd<br \/>\nP\u0159ed pou\u017eit\u00edm mus\u00ed b\u00fdt sestaven dosp\u011blou osobou.<\/p>","protected":false},"excerpt":{"rendered":"<p>Vydejme se na dobrodru\u017enou v\u00fdpravu! Okouzluj\u00edc\u00ed bavln\u011bn\u00e9 t\u00fdp\u00ed do d\u011btsk\u00e9ho pokoje v seversk\u00e9m stylu s p\u0159\u00edrodn\u00edmi barvami a materi\u00e1ly.<\/p>","protected":false},"featured_media":241,"comment_status":"closed","ping_status":"closed","template":"","meta":{"_acf_changed":false,"_kad_post_transparent":"default","_kad_post_title":"","_kad_post_layout":"default","_kad_post_sidebar_id":"","_kad_post_content_style":"default","_kad_post_vertical_padding":"default","_kad_post_feature":"","_kad_post_feature_position":"","_kad_post_header":false,"_kad_post_footer":false,"_kad_post_classname":""},"pwb-brand":[17],"product_brand":[],"product_cat":[47,48],"product_tag":[],"gyarto":[],"class_list":{"0":"post-1062","1":"product","2":"type-product","3":"status-publish","4":"has-post-thumbnail","6":"pwb-brand-bloomingville","7":"product_cat-kids","8":"product_cat-toy","9":"pa_colour-nature","10":"pa_material-cotton","12":"first","13":"instock","14":"taxable","15":"shipping-taxable","16":"purchasable","17":"product-type-simple","18":"entry","19":"content-bg","20":"loop-entry"},"acf":[],"brands":[{"id":17,"name":"Bloomingville","slug":"bloomingville"}],"_links":{"self":[{"href":"https:\/\/yournordichome.com\/cs\/wp-json\/wp\/v2\/product\/1062","targetHints":{"allow":["GET"]}}],"collection":[{"href":"https:\/\/yournordichome.com\/cs\/wp-json\/wp\/v2\/product"}],"about":[{"href":"https:\/\/yournordichome.com\/cs\/wp-json\/wp\/v2\/types\/product"}],"replies":[{"embeddable":true,"href":"https:\/\/yournordichome.com\/cs\/wp-json\/wp\/v2\/comments?post=1062"}],"wp:featuredmedia":[{"embeddable":true,"href":"https:\/\/yournordichome.com\/cs\/wp-json\/wp\/v2\/media\/241"}],"wp:attachment":[{"href":"https:\/\/yournordichome.com\/cs\/wp-json\/wp\/v2\/media?parent=1062"}],"wp:term":[{"taxonomy":"pwb-brand","embeddable":true,"href":"https:\/\/yournordichome.com\/cs\/wp-json\/wp\/v2\/pwb-brand?post=1062"},{"taxonomy":"product_brand","embeddable":true,"href":"https:\/\/yournordichome.com\/cs\/wp-json\/wp\/v2\/product_brand?post=1062"},{"taxonomy":"product_cat","embeddable":true,"href":"https:\/\/yournordichome.com\/cs\/wp-json\/wp\/v2\/product_cat?post=1062"},{"taxonomy":"product_tag","embeddable":true,"href":"https:\/\/yournordichome.com\/cs\/wp-json\/wp\/v2\/product_tag?post=1062"},{"taxonomy":"gyarto","embeddable":true,"href":"https:\/\/yournordichome.com\/cs\/wp-json\/wp\/v2\/gyarto?post=1062"}],"curies":[{"name":"wp","href":"https:\/\/api.w.org\/{rel}","templated":true}]}}