{"id":916,"date":"2023-05-13T14:39:19","date_gmt":"2023-05-13T14:39:19","guid":{"rendered":"https:\/\/yournordichome.com\/?page_id=916"},"modified":"2025-08-31T12:48:14","modified_gmt":"2025-08-31T12:48:14","slug":"prepravni-informace","status":"publish","type":"page","link":"https:\/\/yournordichome.com\/cs\/shipping-information\/","title":{"rendered":"Informace o p\u0159eprav\u011b"},"content":{"rendered":"<div data-elementor-type=\"wp-page\" data-elementor-id=\"916\" class=\"elementor elementor-916\" data-elementor-post-type=\"page\">\n\t\t\t\t\t\t<section class=\"elementor-section elementor-top-section elementor-element elementor-element-332d3b6 elementor-section-boxed elementor-section-height-default elementor-section-height-default\" data-id=\"332d3b6\" data-element_type=\"section\" data-e-type=\"section\">\n\t\t\t\t\t\t<div class=\"elementor-container elementor-column-gap-default\">\n\t\t\t\t\t<div class=\"elementor-column elementor-col-100 elementor-top-column elementor-element elementor-element-92361b5\" data-id=\"92361b5\" data-element_type=\"column\" data-e-type=\"column\">\n\t\t\t<div class=\"elementor-widget-wrap elementor-element-populated\">\n\t\t\t\t\t\t<div class=\"elementor-element elementor-element-343d482 elementor-widget elementor-widget-text-editor\" data-id=\"343d482\" data-element_type=\"widget\" data-e-type=\"widget\" data-widget_type=\"text-editor.default\">\n\t\t\t\t<div class=\"elementor-widget-container\">\n\t\t\t\t\t\t\t\t\t<p><strong>Informace o p\u0159eprav\u011b<\/strong><\/p><p>Spole\u010dnost GLS jsme si vybrali jako na\u0161eho hlavn\u00edho p\u0159epravn\u00edho partnera d\u00edky jej\u00edmu spolehliv\u00e9mu a efektivn\u00edmu servisu.<\/p><p><strong>N\u00e1klady na dopravu<\/strong><\/p><p>N\u00e1klady na p\u0159epravu va\u0161\u00ed objedn\u00e1vky z\u00e1vis\u00ed na m\u00edst\u011b ur\u010den\u00ed a hmotnosti z\u00e1silky. <br \/>Nab\u00edz\u00edme dopravu zdarma. Zkontrolujte svou zemi v seznamu n\u00ed\u017ee a zjist\u011bte minim\u00e1ln\u00ed v\u00fd\u0161i objedn\u00e1vky pro dopravu zdarma.<\/p><p><strong>Doba dod\u00e1n\u00ed<\/strong><\/p><p>P\u0159edpokl\u00e1dan\u00e1 doba dod\u00e1n\u00ed se zobrazuje u ka\u017ed\u00e9ho produktu. P\u0159i objedn\u00e1n\u00ed v\u00edce produkt\u016f obvykle zas\u00edl\u00e1me spole\u010dn\u011b - plat\u00ed nejzaz\u0161\u00ed term\u00edn. Vyhrazujeme si v\u0161ak pr\u00e1vo rozd\u011blit objedn\u00e1vku na v\u00edce z\u00e1silek - abychom ji doru\u010dili v co nejkrat\u0161\u00edm term\u00ednu. To nem\u00e1 vliv na n\u00e1klady na dopravu pro v\u00e1s.<\/p>\t\t\t\t\t\t\t\t<\/div>\n\t\t\t\t<\/div>\n\t\t\t\t<section class=\"elementor-section elementor-inner-section elementor-element elementor-element-0d2efb1 elementor-section-boxed elementor-section-height-default elementor-section-height-default\" data-id=\"0d2efb1\" data-element_type=\"section\" data-e-type=\"section\">\n\t\t\t\t\t\t<div class=\"elementor-container elementor-column-gap-default\">\n\t\t\t\t\t<div class=\"elementor-column elementor-col-50 elementor-inner-column elementor-element elementor-element-e6d90b5\" data-id=\"e6d90b5\" data-element_type=\"column\" data-e-type=\"column\">\n\t\t\t<div class=\"elementor-widget-wrap elementor-element-populated\">\n\t\t\t\t\t\t<div class=\"elementor-element elementor-element-ff87346 elementor-widget elementor-widget-toggle\" data-id=\"ff87346\" data-element_type=\"widget\" data-e-type=\"widget\" data-widget_type=\"toggle.default\">\n\t\t\t\t<div class=\"elementor-widget-container\">\n\t\t\t\t\t\t\t<div class=\"elementor-toggle\">\n\t\t\t\t\t\t\t<div class=\"elementor-toggle-item\">\n\t\t\t\t\t<div id=\"elementor-tab-title-2671\" class=\"elementor-tab-title\" data-tab=\"1\" role=\"button\" aria-controls=\"elementor-tab-content-2671\" aria-expanded=\"false\">\n\t\t\t\t\t\t\t\t\t\t\t\t<span class=\"elementor-toggle-icon elementor-toggle-icon-left\" aria-hidden=\"true\">\n\t\t\t\t\t\t\t\t\t\t\t\t\t\t\t<span class=\"elementor-toggle-icon-closed\"><i class=\"fas fa-caret-right\"><\/i><\/span>\n\t\t\t\t\t\t\t\t<span class=\"elementor-toggle-icon-opened\"><i class=\"elementor-toggle-icon-opened fas fa-caret-up\"><\/i><\/span>\n\t\t\t\t\t\t\t\t\t\t\t\t\t<\/span>\n\t\t\t\t\t\t\t\t\t\t\t\t<a class=\"elementor-toggle-title\" tabindex=\"0\">Rakousko<\/a>\n\t\t\t\t\t<\/div>\n\n\t\t\t\t\t<div id=\"elementor-tab-content-2671\" class=\"elementor-tab-content elementor-clearfix\" data-tab=\"1\" role=\"region\" aria-labelledby=\"elementor-tab-title-2671\"><p>Po\u0161tovn\u00e9: od 11 \u20ac<\/p><p>Doprava zdarma: pro objedn\u00e1vky nad 80 \u20ac<\/p><p>O\u010dek\u00e1van\u00e9 dod\u00e1n\u00ed: 3-5 pracovn\u00edch dn\u016f pro rychl\u00e9 dod\u00e1n\u00ed zbo\u017e\u00ed<br \/>Zkontrolujte o\u010dek\u00e1vanou dobu dod\u00e1n\u00ed ka\u017ed\u00e9ho produktu!<\/p><\/div>\n\t\t\t\t<\/div>\n\t\t\t\t\t\t\t<div class=\"elementor-toggle-item\">\n\t\t\t\t\t<div id=\"elementor-tab-title-2672\" class=\"elementor-tab-title\" data-tab=\"2\" role=\"button\" aria-controls=\"elementor-tab-content-2672\" aria-expanded=\"false\">\n\t\t\t\t\t\t\t\t\t\t\t\t<span class=\"elementor-toggle-icon elementor-toggle-icon-left\" aria-hidden=\"true\">\n\t\t\t\t\t\t\t\t\t\t\t\t\t\t\t<span class=\"elementor-toggle-icon-closed\"><i class=\"fas fa-caret-right\"><\/i><\/span>\n\t\t\t\t\t\t\t\t<span class=\"elementor-toggle-icon-opened\"><i class=\"elementor-toggle-icon-opened fas fa-caret-up\"><\/i><\/span>\n\t\t\t\t\t\t\t\t\t\t\t\t\t<\/span>\n\t\t\t\t\t\t\t\t\t\t\t\t<a class=\"elementor-toggle-title\" tabindex=\"0\">Belgie<\/a>\n\t\t\t\t\t<\/div>\n\n\t\t\t\t\t<div id=\"elementor-tab-content-2672\" class=\"elementor-tab-content elementor-clearfix\" data-tab=\"2\" role=\"region\" aria-labelledby=\"elementor-tab-title-2672\"><p>Po\u0161tovn\u00e9: od 12 \u20ac<\/p><p>Doprava zdarma: pro objedn\u00e1vky nad 100 \u20ac<\/p><p>O\u010dek\u00e1van\u00e9 dod\u00e1n\u00ed: 4-6 pracovn\u00edch dn\u016f pro rychl\u00e9 dod\u00e1n\u00ed zbo\u017e\u00ed<br \/>Zkontrolujte o\u010dek\u00e1vanou dobu dod\u00e1n\u00ed ka\u017ed\u00e9ho produktu!<\/p><\/div>\n\t\t\t\t<\/div>\n\t\t\t\t\t\t\t<div class=\"elementor-toggle-item\">\n\t\t\t\t\t<div id=\"elementor-tab-title-2673\" class=\"elementor-tab-title\" data-tab=\"3\" role=\"button\" aria-controls=\"elementor-tab-content-2673\" aria-expanded=\"false\">\n\t\t\t\t\t\t\t\t\t\t\t\t<span class=\"elementor-toggle-icon elementor-toggle-icon-left\" aria-hidden=\"true\">\n\t\t\t\t\t\t\t\t\t\t\t\t\t\t\t<span class=\"elementor-toggle-icon-closed\"><i class=\"fas fa-caret-right\"><\/i><\/span>\n\t\t\t\t\t\t\t\t<span class=\"elementor-toggle-icon-opened\"><i class=\"elementor-toggle-icon-opened fas fa-caret-up\"><\/i><\/span>\n\t\t\t\t\t\t\t\t\t\t\t\t\t<\/span>\n\t\t\t\t\t\t\t\t\t\t\t\t<a class=\"elementor-toggle-title\" tabindex=\"0\">Bulharsko<\/a>\n\t\t\t\t\t<\/div>\n\n\t\t\t\t\t<div id=\"elementor-tab-content-2673\" class=\"elementor-tab-content elementor-clearfix\" data-tab=\"3\" role=\"region\" aria-labelledby=\"elementor-tab-title-2673\"><p>Po\u0161tovn\u00e9: od 6 \u20ac<\/p><p>Doprava zdarma: pro objedn\u00e1vky nad 100 \u20ac<\/p><p>O\u010dek\u00e1van\u00e9 dod\u00e1n\u00ed: 4-6 pracovn\u00edch dn\u016f pro rychl\u00e9 dod\u00e1n\u00ed zbo\u017e\u00ed<br \/>Zkontrolujte o\u010dek\u00e1vanou dobu dod\u00e1n\u00ed ka\u017ed\u00e9ho produktu!<\/p><\/div>\n\t\t\t\t<\/div>\n\t\t\t\t\t\t\t<div class=\"elementor-toggle-item\">\n\t\t\t\t\t<div id=\"elementor-tab-title-2674\" class=\"elementor-tab-title\" data-tab=\"4\" role=\"button\" aria-controls=\"elementor-tab-content-2674\" aria-expanded=\"false\">\n\t\t\t\t\t\t\t\t\t\t\t\t<span class=\"elementor-toggle-icon elementor-toggle-icon-left\" aria-hidden=\"true\">\n\t\t\t\t\t\t\t\t\t\t\t\t\t\t\t<span class=\"elementor-toggle-icon-closed\"><i class=\"fas fa-caret-right\"><\/i><\/span>\n\t\t\t\t\t\t\t\t<span class=\"elementor-toggle-icon-opened\"><i class=\"elementor-toggle-icon-opened fas fa-caret-up\"><\/i><\/span>\n\t\t\t\t\t\t\t\t\t\t\t\t\t<\/span>\n\t\t\t\t\t\t\t\t\t\t\t\t<a class=\"elementor-toggle-title\" tabindex=\"0\">Chorvatsko<\/a>\n\t\t\t\t\t<\/div>\n\n\t\t\t\t\t<div id=\"elementor-tab-content-2674\" class=\"elementor-tab-content elementor-clearfix\" data-tab=\"4\" role=\"region\" aria-labelledby=\"elementor-tab-title-2674\"><p>Po\u0161tovn\u00e9: od 11 \u20ac<\/p><p>Doprava zdarma: pro objedn\u00e1vky nad 80 \u20ac<\/p><p>O\u010dek\u00e1van\u00e9 dod\u00e1n\u00ed: 3-5 pracovn\u00edch dn\u016f pro rychl\u00e9 dod\u00e1n\u00ed zbo\u017e\u00ed<br \/>Zkontrolujte o\u010dek\u00e1vanou dobu dod\u00e1n\u00ed ka\u017ed\u00e9ho produktu!<\/p><\/div>\n\t\t\t\t<\/div>\n\t\t\t\t\t\t\t<div class=\"elementor-toggle-item\">\n\t\t\t\t\t<div id=\"elementor-tab-title-2675\" class=\"elementor-tab-title\" data-tab=\"5\" role=\"button\" aria-controls=\"elementor-tab-content-2675\" aria-expanded=\"false\">\n\t\t\t\t\t\t\t\t\t\t\t\t<span class=\"elementor-toggle-icon elementor-toggle-icon-left\" aria-hidden=\"true\">\n\t\t\t\t\t\t\t\t\t\t\t\t\t\t\t<span class=\"elementor-toggle-icon-closed\"><i class=\"fas fa-caret-right\"><\/i><\/span>\n\t\t\t\t\t\t\t\t<span class=\"elementor-toggle-icon-opened\"><i class=\"elementor-toggle-icon-opened fas fa-caret-up\"><\/i><\/span>\n\t\t\t\t\t\t\t\t\t\t\t\t\t<\/span>\n\t\t\t\t\t\t\t\t\t\t\t\t<a class=\"elementor-toggle-title\" tabindex=\"0\">\u010cesk\u00e1 republika<\/a>\n\t\t\t\t\t<\/div>\n\n\t\t\t\t\t<div id=\"elementor-tab-content-2675\" class=\"elementor-tab-content elementor-clearfix\" data-tab=\"5\" role=\"region\" aria-labelledby=\"elementor-tab-title-2675\"><p>Po\u0161tovn\u00e9: od 11 \u20ac<\/p><p>Doprava zdarma: pro objedn\u00e1vky nad 80 \u20ac<\/p><p>O\u010dek\u00e1van\u00e9 dod\u00e1n\u00ed: 3-5 pracovn\u00edch dn\u016f pro rychl\u00e9 dod\u00e1n\u00ed zbo\u017e\u00ed<br \/>Zkontrolujte o\u010dek\u00e1vanou dobu dod\u00e1n\u00ed ka\u017ed\u00e9ho produktu!<\/p><\/div>\n\t\t\t\t<\/div>\n\t\t\t\t\t\t\t<div class=\"elementor-toggle-item\">\n\t\t\t\t\t<div id=\"elementor-tab-title-2676\" class=\"elementor-tab-title\" data-tab=\"6\" role=\"button\" aria-controls=\"elementor-tab-content-2676\" aria-expanded=\"false\">\n\t\t\t\t\t\t\t\t\t\t\t\t<span class=\"elementor-toggle-icon elementor-toggle-icon-left\" aria-hidden=\"true\">\n\t\t\t\t\t\t\t\t\t\t\t\t\t\t\t<span class=\"elementor-toggle-icon-closed\"><i class=\"fas fa-caret-right\"><\/i><\/span>\n\t\t\t\t\t\t\t\t<span class=\"elementor-toggle-icon-opened\"><i class=\"elementor-toggle-icon-opened fas fa-caret-up\"><\/i><\/span>\n\t\t\t\t\t\t\t\t\t\t\t\t\t<\/span>\n\t\t\t\t\t\t\t\t\t\t\t\t<a class=\"elementor-toggle-title\" tabindex=\"0\">N\u011bmecko<\/a>\n\t\t\t\t\t<\/div>\n\n\t\t\t\t\t<div id=\"elementor-tab-content-2676\" class=\"elementor-tab-content elementor-clearfix\" data-tab=\"6\" role=\"region\" aria-labelledby=\"elementor-tab-title-2676\"><p>Po\u0161tovn\u00e9: od 12 \u20ac<\/p><p>Doprava zdarma: pro objedn\u00e1vky nad 100 \u20ac<\/p><p>O\u010dek\u00e1van\u00e9 dod\u00e1n\u00ed: 3-5 pracovn\u00edch dn\u016f pro rychl\u00e9 dod\u00e1n\u00ed zbo\u017e\u00ed<br \/>Zkontrolujte o\u010dek\u00e1vanou dobu dod\u00e1n\u00ed ka\u017ed\u00e9ho produktu!<\/p><\/div>\n\t\t\t\t<\/div>\n\t\t\t\t\t\t\t<div class=\"elementor-toggle-item\">\n\t\t\t\t\t<div id=\"elementor-tab-title-2677\" class=\"elementor-tab-title\" data-tab=\"7\" role=\"button\" aria-controls=\"elementor-tab-content-2677\" aria-expanded=\"false\">\n\t\t\t\t\t\t\t\t\t\t\t\t<span class=\"elementor-toggle-icon elementor-toggle-icon-left\" aria-hidden=\"true\">\n\t\t\t\t\t\t\t\t\t\t\t\t\t\t\t<span class=\"elementor-toggle-icon-closed\"><i class=\"fas fa-caret-right\"><\/i><\/span>\n\t\t\t\t\t\t\t\t<span class=\"elementor-toggle-icon-opened\"><i class=\"elementor-toggle-icon-opened fas fa-caret-up\"><\/i><\/span>\n\t\t\t\t\t\t\t\t\t\t\t\t\t<\/span>\n\t\t\t\t\t\t\t\t\t\t\t\t<a class=\"elementor-toggle-title\" tabindex=\"0\">Ma\u010farsko<\/a>\n\t\t\t\t\t<\/div>\n\n\t\t\t\t\t<div id=\"elementor-tab-content-2677\" class=\"elementor-tab-content elementor-clearfix\" data-tab=\"7\" role=\"region\" aria-labelledby=\"elementor-tab-title-2677\"><p>Doprava zdarma pro v\u0161echny objedn\u00e1vky!<\/p><p>O\u010dek\u00e1van\u00e9 dod\u00e1n\u00ed: 2-4 pracovn\u00ed dny pro rychl\u00e9 dod\u00e1n\u00ed zbo\u017e\u00ed<br \/>Zkontrolujte o\u010dek\u00e1vanou dobu dod\u00e1n\u00ed ka\u017ed\u00e9ho produktu!<\/p><\/div>\n\t\t\t\t<\/div>\n\t\t\t\t\t\t\t\t<\/div>\n\t\t\t\t\t\t<\/div>\n\t\t\t\t<\/div>\n\t\t\t\t\t<\/div>\n\t\t<\/div>\n\t\t\t\t<div class=\"elementor-column elementor-col-50 elementor-inner-column elementor-element elementor-element-0dede5e\" data-id=\"0dede5e\" data-element_type=\"column\" data-e-type=\"column\">\n\t\t\t<div class=\"elementor-widget-wrap elementor-element-populated\">\n\t\t\t\t\t\t<div class=\"elementor-element elementor-element-2dde8e5 elementor-widget elementor-widget-toggle\" data-id=\"2dde8e5\" data-element_type=\"widget\" data-e-type=\"widget\" data-widget_type=\"toggle.default\">\n\t\t\t\t<div class=\"elementor-widget-container\">\n\t\t\t\t\t\t\t<div class=\"elementor-toggle\">\n\t\t\t\t\t\t\t<div class=\"elementor-toggle-item\">\n\t\t\t\t\t<div id=\"elementor-tab-title-4801\" class=\"elementor-tab-title\" data-tab=\"1\" role=\"button\" aria-controls=\"elementor-tab-content-4801\" aria-expanded=\"false\">\n\t\t\t\t\t\t\t\t\t\t\t\t<span class=\"elementor-toggle-icon elementor-toggle-icon-left\" aria-hidden=\"true\">\n\t\t\t\t\t\t\t\t\t\t\t\t\t\t\t<span class=\"elementor-toggle-icon-closed\"><i class=\"fas fa-caret-right\"><\/i><\/span>\n\t\t\t\t\t\t\t\t<span class=\"elementor-toggle-icon-opened\"><i class=\"elementor-toggle-icon-opened fas fa-caret-up\"><\/i><\/span>\n\t\t\t\t\t\t\t\t\t\t\t\t\t<\/span>\n\t\t\t\t\t\t\t\t\t\t\t\t<a class=\"elementor-toggle-title\" tabindex=\"0\">Lucembursko<\/a>\n\t\t\t\t\t<\/div>\n\n\t\t\t\t\t<div id=\"elementor-tab-content-4801\" class=\"elementor-tab-content elementor-clearfix\" data-tab=\"1\" role=\"region\" aria-labelledby=\"elementor-tab-title-4801\"><p>Po\u0161tovn\u00e9: od 12 \u20ac<\/p><p>Doprava zdarma: pro objedn\u00e1vky nad 100 \u20ac<\/p><p>O\u010dek\u00e1van\u00e9 dod\u00e1n\u00ed: 4-6 pracovn\u00edch dn\u016f pro rychl\u00e9 dod\u00e1n\u00ed zbo\u017e\u00ed<br \/>Zkontrolujte o\u010dek\u00e1vanou dobu dod\u00e1n\u00ed ka\u017ed\u00e9ho produktu!<\/p><\/div>\n\t\t\t\t<\/div>\n\t\t\t\t\t\t\t<div class=\"elementor-toggle-item\">\n\t\t\t\t\t<div id=\"elementor-tab-title-4802\" class=\"elementor-tab-title\" data-tab=\"2\" role=\"button\" aria-controls=\"elementor-tab-content-4802\" aria-expanded=\"false\">\n\t\t\t\t\t\t\t\t\t\t\t\t<span class=\"elementor-toggle-icon elementor-toggle-icon-left\" aria-hidden=\"true\">\n\t\t\t\t\t\t\t\t\t\t\t\t\t\t\t<span class=\"elementor-toggle-icon-closed\"><i class=\"fas fa-caret-right\"><\/i><\/span>\n\t\t\t\t\t\t\t\t<span class=\"elementor-toggle-icon-opened\"><i class=\"elementor-toggle-icon-opened fas fa-caret-up\"><\/i><\/span>\n\t\t\t\t\t\t\t\t\t\t\t\t\t<\/span>\n\t\t\t\t\t\t\t\t\t\t\t\t<a class=\"elementor-toggle-title\" tabindex=\"0\">Nizozemsko<\/a>\n\t\t\t\t\t<\/div>\n\n\t\t\t\t\t<div id=\"elementor-tab-content-4802\" class=\"elementor-tab-content elementor-clearfix\" data-tab=\"2\" role=\"region\" aria-labelledby=\"elementor-tab-title-4802\"><p>Po\u0161tovn\u00e9: od 12 \u20ac<\/p><p>Doprava zdarma: pro objedn\u00e1vky nad 100 \u20ac<\/p><p>O\u010dek\u00e1van\u00e9 dod\u00e1n\u00ed: 4-6 pracovn\u00edch dn\u016f pro rychl\u00e9 dod\u00e1n\u00ed zbo\u017e\u00ed<br \/>Zkontrolujte o\u010dek\u00e1vanou dobu dod\u00e1n\u00ed ka\u017ed\u00e9ho produktu!<\/p><\/div>\n\t\t\t\t<\/div>\n\t\t\t\t\t\t\t<div class=\"elementor-toggle-item\">\n\t\t\t\t\t<div id=\"elementor-tab-title-4803\" class=\"elementor-tab-title\" data-tab=\"3\" role=\"button\" aria-controls=\"elementor-tab-content-4803\" aria-expanded=\"false\">\n\t\t\t\t\t\t\t\t\t\t\t\t<span class=\"elementor-toggle-icon elementor-toggle-icon-left\" aria-hidden=\"true\">\n\t\t\t\t\t\t\t\t\t\t\t\t\t\t\t<span class=\"elementor-toggle-icon-closed\"><i class=\"fas fa-caret-right\"><\/i><\/span>\n\t\t\t\t\t\t\t\t<span class=\"elementor-toggle-icon-opened\"><i class=\"elementor-toggle-icon-opened fas fa-caret-up\"><\/i><\/span>\n\t\t\t\t\t\t\t\t\t\t\t\t\t<\/span>\n\t\t\t\t\t\t\t\t\t\t\t\t<a class=\"elementor-toggle-title\" tabindex=\"0\">Polsko<\/a>\n\t\t\t\t\t<\/div>\n\n\t\t\t\t\t<div id=\"elementor-tab-content-4803\" class=\"elementor-tab-content elementor-clearfix\" data-tab=\"3\" role=\"region\" aria-labelledby=\"elementor-tab-title-4803\"><p>Po\u0161tovn\u00e9: od 12 \u20ac<\/p><p>Doprava zdarma: pro objedn\u00e1vky nad 100 \u20ac<\/p><p>O\u010dek\u00e1van\u00e9 dod\u00e1n\u00ed: 3-5 pracovn\u00edch dn\u016f pro rychl\u00e9 dod\u00e1n\u00ed zbo\u017e\u00ed<br \/>Zkontrolujte o\u010dek\u00e1vanou dobu dod\u00e1n\u00ed ka\u017ed\u00e9ho produktu!<\/p><\/div>\n\t\t\t\t<\/div>\n\t\t\t\t\t\t\t<div class=\"elementor-toggle-item\">\n\t\t\t\t\t<div id=\"elementor-tab-title-4804\" class=\"elementor-tab-title\" data-tab=\"4\" role=\"button\" aria-controls=\"elementor-tab-content-4804\" aria-expanded=\"false\">\n\t\t\t\t\t\t\t\t\t\t\t\t<span class=\"elementor-toggle-icon elementor-toggle-icon-left\" aria-hidden=\"true\">\n\t\t\t\t\t\t\t\t\t\t\t\t\t\t\t<span class=\"elementor-toggle-icon-closed\"><i class=\"fas fa-caret-right\"><\/i><\/span>\n\t\t\t\t\t\t\t\t<span class=\"elementor-toggle-icon-opened\"><i class=\"elementor-toggle-icon-opened fas fa-caret-up\"><\/i><\/span>\n\t\t\t\t\t\t\t\t\t\t\t\t\t<\/span>\n\t\t\t\t\t\t\t\t\t\t\t\t<a class=\"elementor-toggle-title\" tabindex=\"0\">Rumunsko<\/a>\n\t\t\t\t\t<\/div>\n\n\t\t\t\t\t<div id=\"elementor-tab-content-4804\" class=\"elementor-tab-content elementor-clearfix\" data-tab=\"4\" role=\"region\" aria-labelledby=\"elementor-tab-title-4804\"><p>Po\u0161tovn\u00e9: od 11 \u20ac<\/p><p>Doprava zdarma: pro objedn\u00e1vky nad 80 \u20ac<\/p><p>O\u010dek\u00e1van\u00e9 dod\u00e1n\u00ed: 3-5 pracovn\u00edch dn\u016f pro rychl\u00e9 dod\u00e1n\u00ed zbo\u017e\u00ed<br \/>Zkontrolujte o\u010dek\u00e1vanou dobu dod\u00e1n\u00ed ka\u017ed\u00e9ho produktu!<\/p><\/div>\n\t\t\t\t<\/div>\n\t\t\t\t\t\t\t<div class=\"elementor-toggle-item\">\n\t\t\t\t\t<div id=\"elementor-tab-title-4805\" class=\"elementor-tab-title\" data-tab=\"5\" role=\"button\" aria-controls=\"elementor-tab-content-4805\" aria-expanded=\"false\">\n\t\t\t\t\t\t\t\t\t\t\t\t<span class=\"elementor-toggle-icon elementor-toggle-icon-left\" aria-hidden=\"true\">\n\t\t\t\t\t\t\t\t\t\t\t\t\t\t\t<span class=\"elementor-toggle-icon-closed\"><i class=\"fas fa-caret-right\"><\/i><\/span>\n\t\t\t\t\t\t\t\t<span class=\"elementor-toggle-icon-opened\"><i class=\"elementor-toggle-icon-opened fas fa-caret-up\"><\/i><\/span>\n\t\t\t\t\t\t\t\t\t\t\t\t\t<\/span>\n\t\t\t\t\t\t\t\t\t\t\t\t<a class=\"elementor-toggle-title\" tabindex=\"0\">Slovensko<\/a>\n\t\t\t\t\t<\/div>\n\n\t\t\t\t\t<div id=\"elementor-tab-content-4805\" class=\"elementor-tab-content elementor-clearfix\" data-tab=\"5\" role=\"region\" aria-labelledby=\"elementor-tab-title-4805\"><p>Po\u0161tovn\u00e9: od 5 \u20ac<\/p><p>Doprava zdarma: pro objedn\u00e1vky nad 60 \u20ac<\/p><p>O\u010dek\u00e1van\u00e9 dod\u00e1n\u00ed: 2-4 pracovn\u00ed dny pro rychl\u00e9 dod\u00e1n\u00ed zbo\u017e\u00ed<br \/>Zkontrolujte o\u010dek\u00e1vanou dobu dod\u00e1n\u00ed ka\u017ed\u00e9ho produktu!<\/p><\/div>\n\t\t\t\t<\/div>\n\t\t\t\t\t\t\t<div class=\"elementor-toggle-item\">\n\t\t\t\t\t<div id=\"elementor-tab-title-4806\" class=\"elementor-tab-title\" data-tab=\"6\" role=\"button\" aria-controls=\"elementor-tab-content-4806\" aria-expanded=\"false\">\n\t\t\t\t\t\t\t\t\t\t\t\t<span class=\"elementor-toggle-icon elementor-toggle-icon-left\" aria-hidden=\"true\">\n\t\t\t\t\t\t\t\t\t\t\t\t\t\t\t<span class=\"elementor-toggle-icon-closed\"><i class=\"fas fa-caret-right\"><\/i><\/span>\n\t\t\t\t\t\t\t\t<span class=\"elementor-toggle-icon-opened\"><i class=\"elementor-toggle-icon-opened fas fa-caret-up\"><\/i><\/span>\n\t\t\t\t\t\t\t\t\t\t\t\t\t<\/span>\n\t\t\t\t\t\t\t\t\t\t\t\t<a class=\"elementor-toggle-title\" tabindex=\"0\">Slovinsko<\/a>\n\t\t\t\t\t<\/div>\n\n\t\t\t\t\t<div id=\"elementor-tab-content-4806\" class=\"elementor-tab-content elementor-clearfix\" data-tab=\"6\" role=\"region\" aria-labelledby=\"elementor-tab-title-4806\"><p>Po\u0161tovn\u00e9: od 11 \u20ac<\/p><p>Doprava zdarma: pro objedn\u00e1vky nad 80 \u20ac<\/p><p>O\u010dek\u00e1van\u00e9 dod\u00e1n\u00ed: 3-5 pracovn\u00edch dn\u016f pro rychl\u00e9 dod\u00e1n\u00ed zbo\u017e\u00ed<br \/>Zkontrolujte o\u010dek\u00e1vanou dobu dod\u00e1n\u00ed ka\u017ed\u00e9ho produktu!<\/p><\/div>\n\t\t\t\t<\/div>\n\t\t\t\t\t\t\t\t<\/div>\n\t\t\t\t\t\t<\/div>\n\t\t\t\t<\/div>\n\t\t\t\t\t<\/div>\n\t\t<\/div>\n\t\t\t\t\t<\/div>\n\t\t<\/section>\n\t\t\t\t\t<\/div>\n\t\t<\/div>\n\t\t\t\t\t<\/div>\n\t\t<\/section>\n\t\t\t\t<\/div>","protected":false},"excerpt":{"rendered":"<p>Shipping information We have selected GLS as our primary shipping partner due to its reliable and efficient service. Shipping cost The shipping cost for your order depends on the destination and the weight of the package. We offer free shipping. Check your country in the list below to see the minimum order amount of free&#8230;<\/p>","protected":false},"author":2,"featured_media":0,"parent":0,"menu_order":0,"comment_status":"closed","ping_status":"closed","template":"","meta":{"_acf_changed":false,"_kad_post_transparent":"","_kad_post_title":"","_kad_post_layout":"","_kad_post_sidebar_id":"","_kad_post_content_style":"","_kad_post_vertical_padding":"","_kad_post_feature":"","_kad_post_feature_position":"","_kad_post_header":false,"_kad_post_footer":false,"_kad_post_classname":"","footnotes":""},"class_list":["post-916","page","type-page","status-publish","hentry"],"acf":[],"_links":{"self":[{"href":"https:\/\/yournordichome.com\/cs\/wp-json\/wp\/v2\/pages\/916","targetHints":{"allow":["GET"]}}],"collection":[{"href":"https:\/\/yournordichome.com\/cs\/wp-json\/wp\/v2\/pages"}],"about":[{"href":"https:\/\/yournordichome.com\/cs\/wp-json\/wp\/v2\/types\/page"}],"author":[{"embeddable":true,"href":"https:\/\/yournordichome.com\/cs\/wp-json\/wp\/v2\/users\/2"}],"replies":[{"embeddable":true,"href":"https:\/\/yournordichome.com\/cs\/wp-json\/wp\/v2\/comments?post=916"}],"version-history":[{"count":25,"href":"https:\/\/yournordichome.com\/cs\/wp-json\/wp\/v2\/pages\/916\/revisions"}],"predecessor-version":[{"id":7853,"href":"https:\/\/yournordichome.com\/cs\/wp-json\/wp\/v2\/pages\/916\/revisions\/7853"}],"wp:attachment":[{"href":"https:\/\/yournordichome.com\/cs\/wp-json\/wp\/v2\/media?parent=916"}],"curies":[{"name":"wp","href":"https:\/\/api.w.org\/{rel}","templated":true}]}}