{"id":912,"date":"2023-05-13T13:50:16","date_gmt":"2023-05-13T13:50:16","guid":{"rendered":"https:\/\/yournordichome.com\/?page_id=912"},"modified":"2023-10-14T11:16:50","modified_gmt":"2023-10-14T11:16:50","slug":"podminky","status":"publish","type":"page","link":"https:\/\/yournordichome.com\/cs\/terms-and-conditions\/","title":{"rendered":"Podm\u00ednky a pravidla"},"content":{"rendered":"<p>Obecn\u00e9 a kontaktn\u00ed informace<\/p>\n<p>Na adrese Your Nordic Home (yournordichome.com) najdete v\u00fdrobky pro dom\u00e1cnost. N\u00ed\u017ee najdete na\u0161e n\u00e1kupn\u00ed podm\u00ednky. M\u016f\u017eete n\u00e1s kontaktovat:<\/p>\n<p>Peth\u0151 L\u00e1szl\u00f3n\u00e9 EV (EU DI\u010c: HU57890364)<br \/>\ncontact@yournordichome.com<br \/>\nKikoto 2.<br \/>\n1212 Budape\u0161\u0165<br \/>\nMa\u010farsko<br \/>\nTel: +36304340994<\/p>\n<p>1. Nakl\u00e1d\u00e1n\u00ed s informacemi<\/p>\n<p>S informacemi, kter\u00e9 poskytnete na adresu https:\/\/yournordichome.com, bude nakl\u00e1d\u00e1no s p\u00e9\u010d\u00ed a respektem. Spole\u010dnost YourNordicHome bude osobn\u00ed \u00fadaje pou\u017e\u00edvat pouze p\u0159i vy\u0159izov\u00e1n\u00ed objedn\u00e1vek, p\u0159i p\u0159eprav\u011b a dod\u00e1vk\u00e1ch a pro bezpe\u010dn\u00e9 platby. Se v\u0161emi informacemi bude nakl\u00e1d\u00e1no v souladu s na\u0161imi z\u00e1sadami ochrany osobn\u00edch \u00fadaj\u016f.<\/p>\n<p>2. Zad\u00e1n\u00ed objedn\u00e1vky<\/p>\n<p>Zobrazen\u00ed produkt\u016f a cen nen\u00ed z\u00e1vaznou nab\u00eddkou, ale nez\u00e1vazn\u00fdm online katalogem. Informace na domovsk\u00e9 str\u00e1nce se mohou m\u011bnit a my je m\u016f\u017eeme m\u011bnit bez p\u0159edchoz\u00edho upozorn\u011bn\u00ed. Objedn\u00e1vku m\u016f\u017eete prov\u00e9st na na\u0161\u00ed domovsk\u00e9 str\u00e1nce p\u0159id\u00e1n\u00edm vybran\u00fdch produkt\u016f do n\u00e1kupn\u00edho ko\u0161\u00edku. B\u011bhem procesu objedn\u00e1vky budete vyzv\u00e1ni k vypln\u011bn\u00ed \u00fadaj\u016f, kter\u00e9 budete moci m\u011bnit a\u017e do kliknut\u00ed na tla\u010d\u00edtko \"Objednat\" na str\u00e1nce objedn\u00e1vky.<\/p>\n<p>Objedn\u00e1vkou na na\u0161ich webov\u00fdch str\u00e1nk\u00e1ch n\u00e1m nab\u00edz\u00edte, \u017ee si zbo\u017e\u00ed, kter\u00e9 jste si na nich objednali, koup\u00edte. Va\u0161i objedn\u00e1vku potvrd\u00edme zasl\u00e1n\u00edm automaticky vygenerovan\u00e9ho potvrzovac\u00edho e-mailu, kter\u00fd bude obsahovat informace o objednan\u00fdch produktech, cen\u00e1ch, specifikaci dopravy, jako\u017e i \u00fadaje, kter\u00e9 jste vyplnili v procesu objedn\u00e1vky. P\u0159e\u010dt\u011bte si pros\u00edm tento e-mail pozorn\u011b a ujist\u011bte se, \u017ee jsou v\u0161echny informace spr\u00e1vn\u00e9. Pokud do\u0161lo k chyb\u011b, kontaktujte pros\u00edm n\u00e1\u0161 z\u00e1kaznick\u00fd servis contact@yournordichome.com. Smluvn\u00edm jazykem je angli\u010dtina.<\/p>\n<p>3. Ceny<\/p>\n<p>Plat\u00ed ceny uveden\u00e9 na domovsk\u00e9 str\u00e1nce v dob\u011b objedn\u00e1vky.<\/p>\n<p>V\u0161echny ceny jsou uvedeny v EUR a zahrnuj\u00ed m\u00edstn\u00ed DPH (da\u0148 z p\u0159idan\u00e9 hodnoty).<\/p>\n<p>Celkov\u00e1 cena zahrnuje cenu produkt\u016f a p\u0159\u00edpadn\u00e9 poplatky za dopravu. Celkov\u00e1 cena je viditeln\u00e1 na str\u00e1nce objedn\u00e1vky p\u0159ed jej\u00edm potvrzen\u00edm, jakmile si vyberete zemi ur\u010den\u00ed.<\/p>\n<p>4. Platba<\/p>\n<p>V YourNordicHome p\u0159ij\u00edm\u00e1me v\u011bt\u0161inu hlavn\u00edch kreditn\u00edch karet, Apple Pay, Google Pay. Na\u0161\u00edm partnerem p\u0159i zpracov\u00e1n\u00ed online plateb je spole\u010dnost Stripe.<\/p>\n<p>Stripe Payments Europe Limited<br \/>\n1 Grand Canal Street Lower, Grand Canal Dock, Dublin, D02 H210, Irsko<\/p>\n<p>5. Odm\u00edtnut\u00ed transakce<\/p>\n<p>Abyste od n\u00e1s mohli nakupovat produkty na t\u011bchto webov\u00fdch str\u00e1nk\u00e1ch a uzav\u0159\u00edt smlouvu, mus\u00edte:<\/p>\n<p>- b\u00fdt star\u0161\u00ed osmn\u00e1cti let<br \/>\n- Pou\u017eijte sv\u00e9 skute\u010dn\u00e9 jm\u00e9no, telefonn\u00ed \u010d\u00edslo, e-mailovou adresu a platebn\u00ed \u00fadaje.<br \/>\n- Uve\u010fte dodac\u00ed adresu, kter\u00e1 nen\u00ed po\u0161tovn\u00ed schr\u00e1nkou nebo Poste restante.<br \/>\n- Pou\u017eijte platnou kreditn\u00ed\/debetn\u00ed kartu, kter\u00e1 je akceptovateln\u00e1 na\u0161\u00edm bankovn\u00edm partnerem, nebo alternativn\u00ed p\u0159ijatelnou platebn\u00ed metodu.<\/p>\n<p>Va\u0161i objedn\u00e1vku nem\u016f\u017eeme p\u0159ijmout, pokud nastane n\u011bkter\u00fd z n\u00e1sleduj\u00edc\u00edch p\u0159\u00edpad\u016f:<\/p>\n<p>- Pokud v\u00e1\u0161 platebn\u00ed partner (Stripe) nep\u0159ijme va\u0161i platbu.<br \/>\n- Pokud nejsme schopni dod\u00e1vat z d\u016fvod\u016f, kter\u00e9 nem\u016f\u017eeme ovlivnit - nap\u0159\u00edklad pokud n\u00e1\u0161 dodavatel p\u0159estal dod\u00e1vat produkt.<\/p>\n<p>6. Zp\u016fsoby doru\u010den\u00ed a dostupnost<\/p>\n<p>Nab\u00edz\u00edme doru\u010den\u00ed prost\u0159ednictv\u00edm GLS. Dal\u0161\u00ed informace naleznete <a href=\"https:\/\/yournordichome.com\/cs\/prepravni-informace\/\">Informace o p\u0159eprav\u011b<\/a>.<\/p>\n<p>Vedle informac\u00ed o vybran\u00e9m produktu najdete p\u0159edpokl\u00e1danou dobu dod\u00e1n\u00ed. Pokud jste si objednali v\u00edce produkt\u016f a doba dod\u00e1n\u00ed se u jednotliv\u00fdch produkt\u016f li\u0161\u00ed, dod\u00e1me v\u00e1m zbo\u017e\u00ed spole\u010dn\u011b, co\u017e znamen\u00e1, \u017ee plat\u00ed nejzaz\u0161\u00ed term\u00edn.<\/p>\n<p>Jakmile bude va\u0161e objedn\u00e1vka odesl\u00e1na, obdr\u017e\u00edte e-mailem potvrzen\u00ed o odesl\u00e1n\u00ed a ozn\u00e1men\u00ed o doru\u010den\u00ed od spole\u010dnosti GLS s \u010d\u00edslem pro sledov\u00e1n\u00ed z\u00e1silky.<\/p>\n<p>V\u0161echny objedn\u00e1vky podl\u00e9haj\u00ed dostupnosti.<br \/>\nNa\u0161\u00edm c\u00edlem je doru\u010dit v\u00e1m objedn\u00e1vku co nejd\u0159\u00edve. V p\u0159\u00edpad\u011b nep\u0159edv\u00eddan\u00fdch okolnost\u00ed, kter\u00e9 nem\u016f\u017eeme ovlivnit (v\u010detn\u011b technick\u00fdch poruch, st\u00e1vek atd.), v\u0161ak nemus\u00edme b\u00fdt schopni dodat zbo\u017e\u00ed ve sl\u00edben\u00e9m term\u00ednu.<\/p>\n<p>7. Dod\u00e1v\u00e1me do n\u00e1sleduj\u00edc\u00edch zem\u00ed<\/p>\n<p>Zem\u011b Evropsk\u00e9 unie: Belgie, Bulharsko, \u010cesk\u00e1 republika, D\u00e1nsko, Estonsko, Finsko, Francie, Chorvatsko, It\u00e1lie, Litva, Loty\u0161sko, Lucembursko, Ma\u010farsko, N\u011bmecko, Nizozemsko, Polsko, Portugalsko, Rakousko, Rumunsko, \u0158ecko, Slovensko, Slovinsko, \u0160pan\u011blsko, \u0160v\u00e9dsko.<\/p>\n<p>8. Odpov\u011bdnost za p\u0159epravu<\/p>\n<p>Pokud v\u00e1m budou doru\u010deny z\u00e1silky se zjevn\u00fdm po\u0161kozen\u00edm, jste povinni je neprodlen\u011b reklamovat u p\u0159epravn\u00ed spole\u010dnosti a odm\u00edtnout p\u0159evzet\u00ed z\u00e1silky. Skryt\u00e1 po\u0161kozen\u00ed je t\u0159eba nahl\u00e1sit spole\u010dnosti YourNordicHome (contact@yournordichome.com) nejpozd\u011bji do p\u011bti dn\u016f od p\u0159evzet\u00ed z\u00e1silky. N\u00e1\u0161 z\u00e1stupce z\u00e1kaznick\u00e9ho servisu v\u00e1s pot\u00e9 bude informovat o dal\u0161\u00edm postupu p\u0159i reklamaci.<\/p>\n<p>9. Nedoru\u010den\u00fd bal\u00ed\u010dek<\/p>\n<p>Ve v\u011bt\u0161in\u011b zem\u00ed se n\u00e1\u0161 p\u0159epravn\u00ed partner pokus\u00ed doru\u010dit z\u00e1silku alespo\u0148 dvakr\u00e1t, ne\u017e n\u00e1m ji po\u0161le zp\u011bt. Pokud se p\u0159epravci nepoda\u0159ilo doru\u010dit z\u00e1silku p\u0159\u00edjemci a z\u00e1silka se n\u00e1m vr\u00e1t\u00ed, m\u00e1 spole\u010dnost YourNordicHome pr\u00e1vo \u00fa\u010dtovat v\u00e1m \u010d\u00e1stku 50 EUR za n\u00e1klady na vr\u00e1cen\u00ed a manipulaci.<\/p>\n<p>10. St\u00ed\u017enosti<\/p>\n<p>Pokud se vyskytl probl\u00e9m s va\u0161\u00ed z\u00e1silkou, kontaktujte n\u00e1s pros\u00edm na adrese contact@yournordichome.com. To se t\u00fdk\u00e1 probl\u00e9m\u016f, jako je po\u0161kozen\u00ed p\u0159i p\u0159eprav\u011b, vadn\u00e9 v\u00fdrobky nebo jak\u00fdmkoli jin\u00fdm zp\u016fsobem nespr\u00e1vn\u00e9 objedn\u00e1vky. Pokud z\u00e1silka doraz\u00ed ve \u0161patn\u00e9m stavu a v\u00fdrobky uvnit\u0159 chyb\u00ed nebo jsou po\u0161kozen\u00e9, je t\u0159eba, abyste po zji\u0161t\u011bn\u00ed probl\u00e9mu podali st\u00ed\u017enost tak\u00e9 p\u0159\u00edmo doru\u010duj\u00edc\u00ed spole\u010dnosti, nap\u0159. spole\u010dnosti GLS nebo p\u0159\u00edslu\u0161n\u00e9 m\u00edstn\u00ed doru\u010dovac\u00ed slu\u017eb\u011b.<\/p>\n<p>Vezm\u011bte pros\u00edm na v\u011bdom\u00ed, \u017ee k vy\u0159\u00edzen\u00ed va\u0161\u00ed reklamace v\u017edy pot\u0159ebujeme fotografick\u00fd d\u016fkaz z\u00e1silky a po\u0161kozen\u00e9ho zbo\u017e\u00ed, kter\u00fd n\u00e1m za\u0161lete e-mailem. Pokud v\u00fdrobek vrac\u00edte, pou\u017eijte po dohod\u011b s jedn\u00edm z na\u0161ich z\u00e1stupc\u016f z\u00e1kaznick\u00e9ho servisu p\u016fvodn\u00ed obal a ozna\u010dte z\u00e1silku s vr\u00e1cen\u00fdm v\u00fdrobkem n\u00e1pisem \"VRA\u0164TE\". Z\u00e1silku vra\u0165te na adresu: Petho Laszlone, 1212 Budape\u0161\u0165, Kikoto utca 2-8\/A, MA\u010eARSKO.<\/p>\n<p>11. Pravidla pro vr\u00e1cen\u00ed zbo\u017e\u00ed\/pr\u00e1vo na odstoupen\u00ed od smlouvy<\/p>\n<p>Pokud nejste s v\u00fdrobky zcela spokojeni, m\u016f\u017eete n\u00e1m je vr\u00e1tit. YourNordicHome dodr\u017euje sm\u011brnici Evropsk\u00e9 unie o elektronick\u00e9m obchodov\u00e1n\u00ed. To znamen\u00e1, \u017ee m\u00e1te mo\u017enost odstoupit od smlouvy do 365 dn\u016f, ani\u017e byste n\u00e1m sd\u011blili d\u016fvod.<\/p>\n<p>V p\u0159\u00edpad\u011b vr\u00e1cen\u00ed v\u00fdrobku d\u016frazn\u011b doporu\u010dujeme pou\u017e\u00edt sledovatelnou a poji\u0161t\u011bnou p\u0159epravn\u00ed slu\u017ebu. Nen\u00ed to povinn\u00e9, ale doporu\u010dujeme pou\u017e\u00edt origin\u00e1ln\u00ed obal nebo podobn\u00fd obal, aby nedo\u0161lo k po\u0161kozen\u00ed p\u0159i vracen\u00ed v\u00fdrobku.<\/p>\n<p>Lh\u016fta pro odstoupen\u00ed od smlouvy uplyne po 365 dnech ode dne, kdy jste vy nebo t\u0159et\u00ed strana jin\u00e1 ne\u017e dopravce z\u00edskali posledn\u00ed zbo\u017e\u00ed do fyzick\u00e9ho dr\u017een\u00ed.<\/p>\n<p>Chcete-li uplatnit pr\u00e1vo na odstoupen\u00ed od smlouvy, mus\u00edte n\u00e1s informovat (contact@yournordichome.com, Petho Laszlone, 1212 Budapest, Kikoto utca 2-8\/A, HUNGARY) o sv\u00e9m rozhodnut\u00ed odstoupit od t\u00e9to smlouvy zasl\u00e1n\u00edm jasn\u00e9ho prohl\u00e1\u0161en\u00ed. To lze prov\u00e9st e-mailem.<\/p>\n<p>Pokud vyu\u017eijete sv\u00e9ho pr\u00e1va na vr\u00e1cen\u00ed v\u00fdrobku, p\u0159\u00edm\u00e9 n\u00e1klady na vr\u00e1cen\u00ed zbo\u017e\u00ed hrad\u00edte vy. Dbejte pros\u00edm na to, abyste vr\u00e1cen\u00e9 zbo\u017e\u00ed dob\u0159e zabalili, aby nedo\u0161lo k po\u0161kozen\u00ed p\u0159i p\u0159eprav\u011b. Zbo\u017e\u00ed mus\u00edte zaslat zp\u011bt neprodlen\u011b a v ka\u017ed\u00e9m p\u0159\u00edpad\u011b nejpozd\u011bji do 14 dn\u016f ode dne, kdy n\u00e1m ozn\u00e1m\u00edte odstoupen\u00ed od t\u00e9to smlouvy.<\/p>\n<p>Pr\u00e1vo na odstoupen\u00ed od smlouvy se nevztahuje na tento druh smluv: Smlouvy o dod\u00e1n\u00ed zbo\u017e\u00ed, kter\u00e9 je vyrobeno podle specifikac\u00ed spot\u0159ebitele nebo je zjevn\u011b personalizovan\u00e9.<\/p>\n<p>Pokud od t\u00e9to smlouvy odstoup\u00edte, vr\u00e1t\u00edme v\u00e1m v\u0161echny platby, kter\u00e9 jsme od v\u00e1s obdr\u017eeli, v\u010detn\u011b n\u00e1klad\u016f na doru\u010den\u00ed. Pokud je jako vr\u00e1cen\u00e1 z\u00e1silka zasl\u00e1na pouze \u010d\u00e1st objedn\u00e1vky, n\u00e1klady na doru\u010den\u00ed se nevracej\u00ed.<\/p>\n<p>N\u00e1hradu m\u016f\u017eeme zadr\u017eet, dokud zbo\u017e\u00ed neobdr\u017e\u00edme zp\u011bt. Od n\u00e1hrady m\u016f\u017eeme ode\u010d\u00edst ztr\u00e1tu hodnoty dodan\u00e9ho zbo\u017e\u00ed, pokud je ztr\u00e1ta zp\u016fsobena zbyte\u010dnou manipulac\u00ed z va\u0161\u00ed strany, kter\u00e1 nen\u00ed nezbytn\u00e1 ke zji\u0161t\u011bn\u00ed povahy, vlastnost\u00ed a funk\u010dnosti zbo\u017e\u00ed.<\/p>\n<p>12. Zru\u0161en\u00ed z na\u0161\u00ed strany<\/p>\n<p>Vyhrazujeme si pr\u00e1vo zru\u0161it smlouvu mezi n\u00e1mi, pokud nastane jeden z n\u00e1sleduj\u00edc\u00edch p\u0159\u00edpad\u016f:<br \/>\n- Pokud nem\u00e1me dostate\u010dn\u00e9 skladov\u00e9 z\u00e1soby a nem\u016f\u017eeme v\u00fdrobek znovu objednat k dod\u00e1n\u00ed.<br \/>\n- Nebyly n\u00e1m poskytnuty dostate\u010dn\u00e9 informace pro dod\u00e1n\u00ed zbo\u017e\u00ed.<br \/>\n- P\u0159i objedn\u00e1v\u00e1n\u00ed jste uvedli nepravdiv\u00e9 \u00fadaje.<\/p>\n<p>13. Alternativn\u00ed\/internetov\u00e9 \u0159e\u0161en\u00ed spor\u016f<\/p>\n<p>Evropsk\u00e1 komise spustila online platformu, kter\u00e1 umo\u017en\u00ed spot\u0159ebitel\u016fm a obchodn\u00edk\u016fm \u0159e\u0161it spory prost\u0159ednictv\u00edm alternativn\u00edho nebo online \u0159e\u0161en\u00ed spor\u016f (ADR\/ODR). Tato platforma pom\u016f\u017ee p\u0159i mimosoudn\u00edm \u0159e\u0161en\u00ed spor\u016f, aby se spory \u0159e\u0161ily levn\u011bji, snadn\u011bji a rychleji. ODR je v provozu od 9. ledna 2016 a spot\u0159ebitel\u00e9 a obchodn\u00edci ji mohou vyu\u017e\u00edvat na adrese: https:\/\/ec.europa.eu\/consumers\/odr\/.<\/p>\n<p>14. Z\u00e1kony<\/p>\n<p>Podm\u00ednky t\u00e9to smlouvy se \u0159\u00edd\u00ed sm\u011brnic\u00ed EU o elektronick\u00e9m obchodu a jsou konstruov\u00e1ny tak, aby byly v souladu s touto sm\u011brnic\u00ed. Tyto smluvn\u00ed podm\u00ednky m\u016f\u017eeme kdykoli zm\u011bnit a aktualizovat bez p\u0159edchoz\u00edho upozorn\u011bn\u00ed. Pro ka\u017edou objedn\u00e1vku plat\u00ed podm\u00ednky uveden\u00e9 na t\u011bchto str\u00e1nk\u00e1ch v dob\u011b objedn\u00e1vky. Naposledy aktualizov\u00e1no: Nejnov\u011bj\u0161\u00ed zn\u011bn\u00ed: 13. kv\u011btna 2023.a<\/p>","protected":false},"excerpt":{"rendered":"<p>General and Contact Information At Your Nordic Home (yournordichome.com) you will find home decor products. Below you will find our conditions of purchase. You can contact us: Peth\u0151 L\u00e1szl\u00f3n\u00e9 EV (EU VAT: HU57890364) contact@yournordichome.com Kikoto 2. 1212 Budapest Hungary Tel: +36304340994 1. Handling of Information The information you submit to https:\/\/yournordichome.com will be handled with&#8230;<\/p>","protected":false},"author":2,"featured_media":0,"parent":0,"menu_order":0,"comment_status":"closed","ping_status":"closed","template":"","meta":{"_acf_changed":false,"_kad_post_transparent":"","_kad_post_title":"","_kad_post_layout":"","_kad_post_sidebar_id":"","_kad_post_content_style":"","_kad_post_vertical_padding":"","_kad_post_feature":"","_kad_post_feature_position":"","_kad_post_header":false,"_kad_post_footer":false,"_kad_post_classname":"","footnotes":""},"class_list":["post-912","page","type-page","status-publish","hentry"],"acf":[],"_links":{"self":[{"href":"https:\/\/yournordichome.com\/cs\/wp-json\/wp\/v2\/pages\/912","targetHints":{"allow":["GET"]}}],"collection":[{"href":"https:\/\/yournordichome.com\/cs\/wp-json\/wp\/v2\/pages"}],"about":[{"href":"https:\/\/yournordichome.com\/cs\/wp-json\/wp\/v2\/types\/page"}],"author":[{"embeddable":true,"href":"https:\/\/yournordichome.com\/cs\/wp-json\/wp\/v2\/users\/2"}],"replies":[{"embeddable":true,"href":"https:\/\/yournordichome.com\/cs\/wp-json\/wp\/v2\/comments?post=912"}],"version-history":[{"count":3,"href":"https:\/\/yournordichome.com\/cs\/wp-json\/wp\/v2\/pages\/912\/revisions"}],"predecessor-version":[{"id":3293,"href":"https:\/\/yournordichome.com\/cs\/wp-json\/wp\/v2\/pages\/912\/revisions\/3293"}],"wp:attachment":[{"href":"https:\/\/yournordichome.com\/cs\/wp-json\/wp\/v2\/media?parent=912"}],"curies":[{"name":"wp","href":"https:\/\/api.w.org\/{rel}","templated":true}]}}