{"id":3288,"date":"2023-10-14T11:06:36","date_gmt":"2023-10-14T11:06:36","guid":{"rendered":"https:\/\/yournordichome.com\/?page_id=3288"},"modified":"2023-10-14T11:16:32","modified_gmt":"2023-10-14T11:16:32","slug":"o-nas","status":"publish","type":"page","link":"https:\/\/yournordichome.com\/cs\/about-us\/","title":{"rendered":"O n\u00e1s"},"content":{"rendered":"<p><strong>V\u00e1\u0161 seversk\u00fd domov<\/strong> nab\u00edz\u00ed velk\u00fd v\u00fdb\u011br interi\u00e9rov\u00fdch produkt\u016f v seversk\u00e9m stylu od n\u011bkolika zna\u010dek.<\/p>\n<p>V sou\u010dasn\u00e9 dob\u011b zas\u00edl\u00e1me do v\u011bt\u0161iny zem\u00ed EU, pod\u00edvejte se na na\u0161e <a href=\"https:\/\/yournordichome.com\/cs\/prepravni-informace\/\">Informace o p\u0159eprav\u011b<\/a>.<\/p>\n<p>V\u00fdrobky pro dom\u00e1cnost ve skandin\u00e1vsk\u00e9m stylu se zab\u00fdv\u00e1me od roku 2017, kdy jsme v Ma\u010farsku zalo\u017eili m\u00edstn\u00ed internetov\u00fd obchod, <a href=\"https:\/\/deerdecor.hu\/\" target=\"_blank\" rel=\"noopener\">DeerDecor<\/a>. V\u00e1\u0161 seversk\u00fd domov je roz\u0161\u00ed\u0159en\u00edm na\u0161ich aktivit za na\u0161e hranice.<\/p>\n<p>Na\u0161\u00edm c\u00edlem je p\u0159in\u00e1\u0161et v\u00e1m kr\u00e1sn\u00e9 v\u00fdrobky ve skv\u011bl\u00e9 kvalit\u011b a neust\u00e1le pracujeme na tom, abychom v\u00e1m poskytovali st\u00e1le \u0161ir\u0161\u00ed sortiment a zlep\u0161ovali na\u0161e slu\u017eby.<\/p>\n<p>Douf\u00e1me, \u017ee najdete inspiraci pro sv\u016fj seversk\u00fd domov!<\/p>\n<p>Kontaktn\u00ed \u00fadaje:<br \/>\nPeth\u0151 L\u00e1szl\u00f3n\u00e9 EV (EU DI\u010c: HU57890364)<br \/>\ncontact@yournordichome.com<br \/>\nKikoto 2.<br \/>\n1212 Budape\u0161\u0165<br \/>\nMa\u010farsko<\/p>","protected":false},"excerpt":{"rendered":"<p>Your Nordic Home offers a great selection of Nordic style interior design products from several brands. We are shipping to most EU countries at the moment, check out our Shipping information. We are working with Scandinavian style home decor products since 2017, when we started our local webshop in Hungary, DeerDecor. Your Nordic Home is&#8230;<\/p>","protected":false},"author":2,"featured_media":0,"parent":0,"menu_order":0,"comment_status":"closed","ping_status":"closed","template":"","meta":{"_acf_changed":false,"_kad_post_transparent":"","_kad_post_title":"","_kad_post_layout":"","_kad_post_sidebar_id":"","_kad_post_content_style":"","_kad_post_vertical_padding":"","_kad_post_feature":"","_kad_post_feature_position":"","_kad_post_header":false,"_kad_post_footer":false,"_kad_post_classname":"","footnotes":""},"class_list":["post-3288","page","type-page","status-publish","hentry"],"acf":[],"_links":{"self":[{"href":"https:\/\/yournordichome.com\/cs\/wp-json\/wp\/v2\/pages\/3288","targetHints":{"allow":["GET"]}}],"collection":[{"href":"https:\/\/yournordichome.com\/cs\/wp-json\/wp\/v2\/pages"}],"about":[{"href":"https:\/\/yournordichome.com\/cs\/wp-json\/wp\/v2\/types\/page"}],"author":[{"embeddable":true,"href":"https:\/\/yournordichome.com\/cs\/wp-json\/wp\/v2\/users\/2"}],"replies":[{"embeddable":true,"href":"https:\/\/yournordichome.com\/cs\/wp-json\/wp\/v2\/comments?post=3288"}],"version-history":[{"count":2,"href":"https:\/\/yournordichome.com\/cs\/wp-json\/wp\/v2\/pages\/3288\/revisions"}],"predecessor-version":[{"id":3292,"href":"https:\/\/yournordichome.com\/cs\/wp-json\/wp\/v2\/pages\/3288\/revisions\/3292"}],"wp:attachment":[{"href":"https:\/\/yournordichome.com\/cs\/wp-json\/wp\/v2\/media?parent=3288"}],"curies":[{"name":"wp","href":"https:\/\/api.w.org\/{rel}","templated":true}]}}