{"id":3286,"date":"2023-10-14T10:57:32","date_gmt":"2023-10-14T10:57:32","guid":{"rendered":"https:\/\/yournordichome.com\/?page_id=3286"},"modified":"2023-10-14T10:57:32","modified_gmt":"2023-10-14T10:57:32","slug":"kontakt","status":"publish","type":"page","link":"https:\/\/yournordichome.com\/cs\/contact\/","title":{"rendered":"Kontakt"},"content":{"rendered":"<p><strong>Kontaktujte n\u00e1s na adrese: contact@yournordichome.com<\/strong><\/p>\n<p>Otev\u00edrac\u00ed doba: Pond\u011bl\u00ed - p\u00e1tek: 9:00 - 17:00 (SE\u010c)<\/p>\n<p>V sou\u010dasn\u00e9 dob\u011b neposkytujeme z\u00e1kaznick\u00fd servis po telefonu, ale na e-maily odpov\u00edd\u00e1me velmi rychle!<\/p>\n<p>M\u00e1te n\u011bjak\u00e9 dotazy ohledn\u011b produkt\u016f nebo doru\u010den\u00ed? Nev\u00e1hejte n\u00e1s kontaktovat a my se v\u00e1m ozveme co nejrychleji! Na\u0161\u00edm c\u00edlem je rychle zodpov\u011bd\u011bt v\u0161echny va\u0161e dotazy. Jsme tu pro v\u00e1s!<\/p>","protected":false},"excerpt":{"rendered":"<p>Contact us at: contact@yournordichome.com Opening hours: Monday &#8211; Friday: 9:00 AM &#8211; 05:00 PM (CET) At the moment, we do not offer customer service by phone, however we are very fast at replying to emails! Do you have any questions about the products or delivery? Feel free to contact us, and we will reach out&#8230;<\/p>","protected":false},"author":2,"featured_media":0,"parent":0,"menu_order":0,"comment_status":"closed","ping_status":"closed","template":"","meta":{"_acf_changed":false,"_kad_post_transparent":"","_kad_post_title":"","_kad_post_layout":"","_kad_post_sidebar_id":"","_kad_post_content_style":"","_kad_post_vertical_padding":"","_kad_post_feature":"","_kad_post_feature_position":"","_kad_post_header":false,"_kad_post_footer":false,"_kad_post_classname":"","footnotes":""},"class_list":["post-3286","page","type-page","status-publish","hentry"],"acf":[],"_links":{"self":[{"href":"https:\/\/yournordichome.com\/cs\/wp-json\/wp\/v2\/pages\/3286","targetHints":{"allow":["GET"]}}],"collection":[{"href":"https:\/\/yournordichome.com\/cs\/wp-json\/wp\/v2\/pages"}],"about":[{"href":"https:\/\/yournordichome.com\/cs\/wp-json\/wp\/v2\/types\/page"}],"author":[{"embeddable":true,"href":"https:\/\/yournordichome.com\/cs\/wp-json\/wp\/v2\/users\/2"}],"replies":[{"embeddable":true,"href":"https:\/\/yournordichome.com\/cs\/wp-json\/wp\/v2\/comments?post=3286"}],"version-history":[{"count":1,"href":"https:\/\/yournordichome.com\/cs\/wp-json\/wp\/v2\/pages\/3286\/revisions"}],"predecessor-version":[{"id":3287,"href":"https:\/\/yournordichome.com\/cs\/wp-json\/wp\/v2\/pages\/3286\/revisions\/3287"}],"wp:attachment":[{"href":"https:\/\/yournordichome.com\/cs\/wp-json\/wp\/v2\/media?parent=3286"}],"curies":[{"name":"wp","href":"https:\/\/api.w.org\/{rel}","templated":true}]}}