{"id":1505,"date":"2023-05-29T15:53:38","date_gmt":"2023-05-29T15:53:38","guid":{"rendered":"https:\/\/yournordichome.com\/?page_id=1505"},"modified":"2023-05-29T15:56:35","modified_gmt":"2023-05-29T15:56:35","slug":"prihlaseni-k-odberu-newsletteru","status":"publish","type":"page","link":"https:\/\/yournordichome.com\/cs\/newsletter-signup\/","title":{"rendered":"P\u0159ihl\u00e1\u0161en\u00ed k odb\u011bru novinek"},"content":{"rendered":"","protected":false},"excerpt":{"rendered":"","protected":false},"author":2,"featured_media":0,"parent":0,"menu_order":0,"comment_status":"closed","ping_status":"closed","template":"page-templates\/template-pagebuilder-full-width.php","meta":{"_acf_changed":false,"_kad_post_transparent":"","_kad_post_title":"","_kad_post_layout":"","_kad_post_sidebar_id":"","_kad_post_content_style":"","_kad_post_vertical_padding":"","_kad_post_feature":"","_kad_post_feature_position":"","_kad_post_header":false,"_kad_post_footer":false,"_kad_post_classname":"","footnotes":""},"class_list":["post-1505","page","type-page","status-publish","hentry"],"acf":[],"_links":{"self":[{"href":"https:\/\/yournordichome.com\/cs\/wp-json\/wp\/v2\/pages\/1505","targetHints":{"allow":["GET"]}}],"collection":[{"href":"https:\/\/yournordichome.com\/cs\/wp-json\/wp\/v2\/pages"}],"about":[{"href":"https:\/\/yournordichome.com\/cs\/wp-json\/wp\/v2\/types\/page"}],"author":[{"embeddable":true,"href":"https:\/\/yournordichome.com\/cs\/wp-json\/wp\/v2\/users\/2"}],"replies":[{"embeddable":true,"href":"https:\/\/yournordichome.com\/cs\/wp-json\/wp\/v2\/comments?post=1505"}],"version-history":[{"count":7,"href":"https:\/\/yournordichome.com\/cs\/wp-json\/wp\/v2\/pages\/1505\/revisions"}],"predecessor-version":[{"id":1514,"href":"https:\/\/yournordichome.com\/cs\/wp-json\/wp\/v2\/pages\/1505\/revisions\/1514"}],"wp:attachment":[{"href":"https:\/\/yournordichome.com\/cs\/wp-json\/wp\/v2\/media?parent=1505"}],"curies":[{"name":"wp","href":"https:\/\/api.w.org\/{rel}","templated":true}]}}